{"id":879,"date":"2017-03-15T16:41:23","date_gmt":"2017-03-15T15:41:23","guid":{"rendered":"http:\/\/www.elandalous-marrakech.com\/?page_id=879"},"modified":"2017-03-15T17:28:40","modified_gmt":"2017-03-15T16:28:40","slug":"sejour-sante","status":"publish","type":"page","link":"https:\/\/www.elandalous-marrakech.com\/en\/el-andalous-collection\/sejour\/sejour-sante\/","title":{"rendered":"S\u00e9jour Sant\u00e9"},"content":{"rendered":"<div class=\"wpb-content-wrapper\"><p>[vc_row][vc_column]<div class=\"wpb_column vc_column_container vc_col-sm-4\">\n\t\t\t\t\t\t<div class=\"vc_column-inner \">\n\t\t\t\t\t\t\t<div class=\"c-article__item\">\n\t\t\t\t\t\t\t\t<div class=\"c-article__item--holder\">\n\t\t\t\t\t\t\t\t\t<div class=\"c-article__thumb\">\n\t\t\t\t\t\t\t\t\t\t\t<img decoding=\"async\" src=\"https:\/\/www.elandalous-marrakech.com\/wp-content\/uploads\/2017\/04\/convalescence_elandalous-2-1.jpg\" alt=\"\">\n\t\t\t\t\t\t\t\t\t<\/div>\n\t\t\t\t\t\t\t\t\t\n\t\t\t\t\t\t\t\t\t<div class=\"c-article__content text-center js-itemEqualizer\">\n\t\t\t\t\t\t\t\t\t\t<div class=\"c-pellet\">\n\t\t\t\t\t\t\t\t\t\t\t\t<i class=\"fa fa-stethoscope\" aria-hidden=\"true\"><\/i><\/div>\n\t\t\t\t\t\t\t\t\t\t<div class=\"clear\"><\/div>\t\t \n\t\t\t\t\t\t\t\t\t\t<div class=\"c-title\">Convalescence<\/div>\n\t\t\t\t\t\t\t\t\t\t\n\t\t\t\t\t\t\t\t\t\t<div class=\"c-baseline\">\n\t\t\t\t\t\t\t\t\t\t\t  \u00c0 partir de 4 jours & 4 nuits.            \n\t\t\t\t\t\t\t\t\t\t<\/div>\n\t\t\t\t\t\t\t\t\n\t\t\t\t\t\t\t\t\t\t<div class=\"c-excerpt\">\n\t\t\t\t\t\t\t\t\t\t\tVotre r\u00e9tablissement est la premi\u00e8re priorit\u00e9 de notre \u00e9quipe soignante.  \n\t\t\t\t\t\t\t\t\t\t<\/div>\n\t\t\t\t\t\t\t\t\n\t\t\t\t\t\t\t\t\t\t<div class=\"c-price\">\n\t\t\t\t\t\t\t\t\t\t\t<div class=\"c-price__label\">\u00c0 partir de<\/div>\n\t\t\t\t\t\t\t\t\t\t\t<div class=\"c-price__regular\">1796\u20ac<\/div>\n\t\t\t\t\t\t\t\t\t\t\t<div class=\"clear\"><\/div>\n\t\t\t\t\t\t\t\t\t\t<\/div>\n\t\t\t\t\t\t\t\t\t\t<div class=\"clear\"><\/div>\n\t\t\t\t\t\t\t\t\t<\/div>\n\t\t\t\t\t\t\t\t\n\t\t\t\t\t\t\t\t\t<div class=\"c-footer\">\n\t\t\t\t\t\t\t\t\t\t<div class=\"col-md-6 text-center \">\n\t\t\t\t\t\t\t\t\t\t\t<div class=\"button_white\">\n\t\t\t\t\t\t\t\t\t\t\t\t<a href=\"https:\/\/www.elandalous-marrakech.com\/en\/cure\/convalescence\/\" class=\"c-button--shevronLeft--white\">\n\t\t\t\t\t\t\t\t\t\t\t\t\t<span class=\"glyphicon glyphicon-menu-left\" aria-hidden=\"true\"><\/span> je d\u00e9couvre                                            \n\t\t\t\t\t\t\t\t\t\t\t\t<\/a>\n\t\t\t\t\t\t\t\t\t\t\t<\/div>\n\t\t\t\t\t\t\t\t\t\t<\/div>\n\t\t\t\t\t\t\t\t\t\n\t\t\t\t\t\t\t\t\t\t\t\t\t\t\t\t \n\t\t\t\t\t\t\t\t\t\t<div class=\"col-md-6 text-center\"><a href=\"https:\/\/www.elandalous-marrakech.com\/en\/reservation-list-cure\/?cure_id=947\" class=\"c-button--shevronLeft--gold fancy-form-cure\"><div class=\"o-table\">\n\t\t\t\t\t\t\t\t\t\t\t\t\t<div class=\"o-table__cell--valignMiddle\">\n\t\t\t\t\t\t\t\t\t\t\t\t\t\t<span class=\"glyphicon glyphicon-menu-right\" aria-hidden=\"true\"><\/span> je r\u00e9serve                                    \n\t\t\t\t\t\t\t\t\t\t\t\t\t<\/div>\n\t\t\t\t\t\t\t\t\t\t\t\t<\/div>\n\t\t\t\t\t\t\t\t\t\t\t<\/a>\n\t\t\t\t\t\t\t\t\t\t<\/div>\n\t\t\t\t\t\t\t\t\t\t\n\t\t\t\t\t\t\t\t\t\t<div class=\"clear\"><\/div>\t\t\t\t\t\t\t\n\t\t\t\t\t\t\t\t\t<\/div>\n\t\t\t\t\t\t\t\t\t<div class=\"clear\"><\/div>\n\t\t\t\t\t\t\t\t<\/div>\n\t\t\t\t\t\t\t<\/div><\/div><\/div>\n\t\t\t\t\t\t<div class=\"wpb_column vc_column_container vc_col-sm-4\">\n\t\t\t\t\t\t<div class=\"vc_column-inner \">\n\t\t\t\t\t\t\t<div class=\"c-article__item\">\n\t\t\t\t\t\t\t\t<div class=\"c-article__item--holder\">\n\t\t\t\t\t\t\t\t\t<div class=\"c-article__thumb\">\n\t\t\t\t\t\t\t\t\t\t\t<img decoding=\"async\" src=\"https:\/\/www.elandalous-marrakech.com\/wp-content\/uploads\/2017\/03\/diabete-de-type-2-elandalous-hotel.jpg\" alt=\"\">\n\t\t\t\t\t\t\t\t\t<\/div>\n\t\t\t\t\t\t\t\t\t\n\t\t\t\t\t\t\t\t\t<div class=\"c-article__content text-center js-itemEqualizer\">\n\t\t\t\t\t\t\t\t\t\t<div class=\"c-pellet\">\n\t\t\t\t\t\t\t\t\t\t\t\t<img decoding=\"async\" class=\"cur_box_icon_image\" src=\"\/wp-content\/themes\/elandalous\/images\/icon\/icon-diabet-type2-elandalous-hotel.png\" alt=\"\"><\/div>\n\t\t\t\t\t\t\t\t\t\t<div class=\"clear\"><\/div>\t\t \n\t\t\t\t\t\t\t\t\t\t<div class=\"c-title\">Cure Diab\u00e8te de type 2<\/div>\n\t\t\t\t\t\t\t\t\t\t\n\t\t\t\t\t\t\t\t\t\t<div class=\"c-baseline\">\n\t\t\t\t\t\t\t\t\t\t\t  \u00c0 partir de 4 jours & 4 nuits.            \n\t\t\t\t\t\t\t\t\t\t<\/div>\n\t\t\t\t\t\t\t\t\n\t\t\t\t\t\t\t\t\t\t<div class=\"c-excerpt\">\n\t\t\t\t\t\t\t\t\t\t\tStabilisez votre index glyc\u00e9mique et contr\u00f4lez votre poids.  \n\t\t\t\t\t\t\t\t\t\t<\/div>\n\t\t\t\t\t\t\t\t\n\t\t\t\t\t\t\t\t\t\t<div class=\"c-price\">\n\t\t\t\t\t\t\t\t\t\t\t<div class=\"c-price__label\">\u00c0 partir de<\/div>\n\t\t\t\t\t\t\t\t\t\t\t<div class=\"c-price__regular\">1796\u20ac<\/div>\n\t\t\t\t\t\t\t\t\t\t\t<div class=\"clear\"><\/div>\n\t\t\t\t\t\t\t\t\t\t<\/div>\n\t\t\t\t\t\t\t\t\t\t<div class=\"clear\"><\/div>\n\t\t\t\t\t\t\t\t\t<\/div>\n\t\t\t\t\t\t\t\t\n\t\t\t\t\t\t\t\t\t<div class=\"c-footer\">\n\t\t\t\t\t\t\t\t\t\t<div class=\"col-md-6 text-center \">\n\t\t\t\t\t\t\t\t\t\t\t<div class=\"button_white\">\n\t\t\t\t\t\t\t\t\t\t\t\t<a href=\"https:\/\/www.elandalous-marrakech.com\/en\/cure\/cure-diabete-de-type-2\/\" class=\"c-button--shevronLeft--white\">\n\t\t\t\t\t\t\t\t\t\t\t\t\t<span class=\"glyphicon glyphicon-menu-left\" aria-hidden=\"true\"><\/span> je d\u00e9couvre                                            \n\t\t\t\t\t\t\t\t\t\t\t\t<\/a>\n\t\t\t\t\t\t\t\t\t\t\t<\/div>\n\t\t\t\t\t\t\t\t\t\t<\/div>\n\t\t\t\t\t\t\t\t\t\n\t\t\t\t\t\t\t\t\t\t\t\t\t\t\t\t \n\t\t\t\t\t\t\t\t\t\t<div class=\"col-md-6 text-center\"><a href=\"https:\/\/www.elandalous-marrakech.com\/en\/reservation-list-cure\/?cure_id=806\" class=\"c-button--shevronLeft--gold fancy-form-cure\"><div class=\"o-table\">\n\t\t\t\t\t\t\t\t\t\t\t\t\t<div class=\"o-table__cell--valignMiddle\">\n\t\t\t\t\t\t\t\t\t\t\t\t\t\t<span class=\"glyphicon glyphicon-menu-right\" aria-hidden=\"true\"><\/span> je r\u00e9serve                                    \n\t\t\t\t\t\t\t\t\t\t\t\t\t<\/div>\n\t\t\t\t\t\t\t\t\t\t\t\t<\/div>\n\t\t\t\t\t\t\t\t\t\t\t<\/a>\n\t\t\t\t\t\t\t\t\t\t<\/div>\n\t\t\t\t\t\t\t\t\t\t\n\t\t\t\t\t\t\t\t\t\t<div class=\"clear\"><\/div>\t\t\t\t\t\t\t\n\t\t\t\t\t\t\t\t\t<\/div>\n\t\t\t\t\t\t\t\t\t<div class=\"clear\"><\/div>\n\t\t\t\t\t\t\t\t<\/div>\n\t\t\t\t\t\t\t<\/div><\/div><\/div>\n\t\t\t\t\t\t<div class=\"wpb_column vc_column_container vc_col-sm-4\">\n\t\t\t\t\t\t<div class=\"vc_column-inner \">\n\t\t\t\t\t\t\t<div class=\"c-article__item\">\n\t\t\t\t\t\t\t\t<div class=\"c-article__item--holder\">\n\t\t\t\t\t\t\t\t\t<div class=\"c-article__thumb\">\n\t\t\t\t\t\t\t\t\t\t\t<img decoding=\"async\" src=\"https:\/\/www.elandalous-marrakech.com\/wp-content\/uploads\/2017\/03\/cure-mal-de-dos-et-articu-elandalous-hotel.jpg\" alt=\"\">\n\t\t\t\t\t\t\t\t\t<\/div>\n\t\t\t\t\t\t\t\t\t\n\t\t\t\t\t\t\t\t\t<div class=\"c-article__content text-center js-itemEqualizer\">\n\t\t\t\t\t\t\t\t\t\t<div class=\"c-pellet\">\n\t\t\t\t\t\t\t\t\t\t\t\t<img decoding=\"async\" class=\"cur_box_icon_image\" src=\"\/wp-content\/themes\/elandalous\/images\/icon\/dos.png\" alt=\"\"><\/div>\n\t\t\t\t\t\t\t\t\t\t<div class=\"clear\"><\/div>\t\t \n\t\t\t\t\t\t\t\t\t\t<div class=\"c-title\">Cure mal de dos et articulation<\/div>\n\t\t\t\t\t\t\t\t\t\t\n\t\t\t\t\t\t\t\t\t\t<div class=\"c-baseline\">\n\t\t\t\t\t\t\t\t\t\t\t  \u00c0 partir de 4 jours & 4 nuits.            \n\t\t\t\t\t\t\t\t\t\t<\/div>\n\t\t\t\t\t\t\t\t\n\t\t\t\t\t\t\t\t\t\t<div class=\"c-excerpt\">\n\t\t\t\t\t\t\t\t\t\t\tConstatez une diminution de vos douleurs et de votre consommation d\u2019antalgiques.  \n\t\t\t\t\t\t\t\t\t\t<\/div>\n\t\t\t\t\t\t\t\t\n\t\t\t\t\t\t\t\t\t\t<div class=\"c-price\">\n\t\t\t\t\t\t\t\t\t\t\t<div class=\"c-price__label\">\u00c0 partir de<\/div>\n\t\t\t\t\t\t\t\t\t\t\t<div class=\"c-price__regular\">1592\u20ac<\/div>\n\t\t\t\t\t\t\t\t\t\t\t<div class=\"clear\"><\/div>\n\t\t\t\t\t\t\t\t\t\t<\/div>\n\t\t\t\t\t\t\t\t\t\t<div class=\"clear\"><\/div>\n\t\t\t\t\t\t\t\t\t<\/div>\n\t\t\t\t\t\t\t\t\n\t\t\t\t\t\t\t\t\t<div class=\"c-footer\">\n\t\t\t\t\t\t\t\t\t\t<div class=\"col-md-6 text-center \">\n\t\t\t\t\t\t\t\t\t\t\t<div class=\"button_white\">\n\t\t\t\t\t\t\t\t\t\t\t\t<a href=\"https:\/\/www.elandalous-marrakech.com\/en\/cure\/cure-mal-de-dos-et-articulation\/\" class=\"c-button--shevronLeft--white\">\n\t\t\t\t\t\t\t\t\t\t\t\t\t<span class=\"glyphicon glyphicon-menu-left\" aria-hidden=\"true\"><\/span> je d\u00e9couvre                                            \n\t\t\t\t\t\t\t\t\t\t\t\t<\/a>\n\t\t\t\t\t\t\t\t\t\t\t<\/div>\n\t\t\t\t\t\t\t\t\t\t<\/div>\n\t\t\t\t\t\t\t\t\t\n\t\t\t\t\t\t\t\t\t\t\t\t\t\t\t\t \n\t\t\t\t\t\t\t\t\t\t<div class=\"col-md-6 text-center\"><a href=\"https:\/\/www.elandalous-marrakech.com\/en\/reservation-list-cure\/?cure_id=807\" class=\"c-button--shevronLeft--gold fancy-form-cure\"><div class=\"o-table\">\n\t\t\t\t\t\t\t\t\t\t\t\t\t<div class=\"o-table__cell--valignMiddle\">\n\t\t\t\t\t\t\t\t\t\t\t\t\t\t<span class=\"glyphicon glyphicon-menu-right\" aria-hidden=\"true\"><\/span> je r\u00e9serve                                    \n\t\t\t\t\t\t\t\t\t\t\t\t\t<\/div>\n\t\t\t\t\t\t\t\t\t\t\t\t<\/div>\n\t\t\t\t\t\t\t\t\t\t\t<\/a>\n\t\t\t\t\t\t\t\t\t\t<\/div>\n\t\t\t\t\t\t\t\t\t\t\n\t\t\t\t\t\t\t\t\t\t<div class=\"clear\"><\/div>\t\t\t\t\t\t\t\n\t\t\t\t\t\t\t\t\t<\/div>\n\t\t\t\t\t\t\t\t\t<div class=\"clear\"><\/div>\n\t\t\t\t\t\t\t\t<\/div>\n\t\t\t\t\t\t\t<\/div><\/div><\/div>\n\t\t\t\t\t\t<div class=\"wpb_column vc_column_container vc_col-sm-4\">\n\t\t\t\t\t\t<div class=\"vc_column-inner \">\n\t\t\t\t\t\t\t<div class=\"c-article__item\">\n\t\t\t\t\t\t\t\t<div class=\"c-article__item--holder\">\n\t\t\t\t\t\t\t\t\t<div class=\"c-article__thumb\">\n\t\t\t\t\t\t\t\t\t\t\t<img decoding=\"async\" src=\"https:\/\/www.elandalous-marrakech.com\/wp-content\/uploads\/2017\/03\/cure-detox-hotel-elandalous-marrakech.jpg\" alt=\"\">\n\t\t\t\t\t\t\t\t\t<\/div>\n\t\t\t\t\t\t\t\t\t\n\t\t\t\t\t\t\t\t\t<div class=\"c-article__content text-center js-itemEqualizer\">\n\t\t\t\t\t\t\t\t\t\t<div class=\"c-pellet\">\n\t\t\t\t\t\t\t\t\t\t\t\t<img decoding=\"async\" class=\"cur_box_icon_image\" src=\"\/wp-content\/themes\/elandalous\/images\/icon\/detox.png\" alt=\"\"><\/div>\n\t\t\t\t\t\t\t\t\t\t<div class=\"clear\"><\/div>\t\t \n\t\t\t\t\t\t\t\t\t\t<div class=\"c-title\">Cure d\u00e9tox<\/div>\n\t\t\t\t\t\t\t\t\t\t\n\t\t\t\t\t\t\t\t\t\t<div class=\"c-baseline\">\n\t\t\t\t\t\t\t\t\t\t\t  \u00c0 partir de 4 jours & 4 nuits.            \n\t\t\t\t\t\t\t\t\t\t<\/div>\n\t\t\t\t\t\t\t\t\n\t\t\t\t\t\t\t\t\t\t<div class=\"c-excerpt\">\n\t\t\t\t\t\t\t\t\t\t\tPurifiez et d\u00e9toxifiez votre organisme.  \n\t\t\t\t\t\t\t\t\t\t<\/div>\n\t\t\t\t\t\t\t\t\n\t\t\t\t\t\t\t\t\t\t<div class=\"c-price\">\n\t\t\t\t\t\t\t\t\t\t\t<div class=\"c-price__label\">\u00c0 partir de<\/div>\n\t\t\t\t\t\t\t\t\t\t\t<div class=\"c-price__regular\">1797\u20ac<\/div>\n\t\t\t\t\t\t\t\t\t\t\t<div class=\"clear\"><\/div>\n\t\t\t\t\t\t\t\t\t\t<\/div>\n\t\t\t\t\t\t\t\t\t\t<div class=\"clear\"><\/div>\n\t\t\t\t\t\t\t\t\t<\/div>\n\t\t\t\t\t\t\t\t\n\t\t\t\t\t\t\t\t\t<div class=\"c-footer\">\n\t\t\t\t\t\t\t\t\t\t<div class=\"col-md-6 text-center \">\n\t\t\t\t\t\t\t\t\t\t\t<div class=\"button_white\">\n\t\t\t\t\t\t\t\t\t\t\t\t<a href=\"https:\/\/www.elandalous-marrakech.com\/en\/cure\/cure-detox\/\" class=\"c-button--shevronLeft--white\">\n\t\t\t\t\t\t\t\t\t\t\t\t\t<span class=\"glyphicon glyphicon-menu-left\" aria-hidden=\"true\"><\/span> je d\u00e9couvre                                            \n\t\t\t\t\t\t\t\t\t\t\t\t<\/a>\n\t\t\t\t\t\t\t\t\t\t\t<\/div>\n\t\t\t\t\t\t\t\t\t\t<\/div>\n\t\t\t\t\t\t\t\t\t\n\t\t\t\t\t\t\t\t\t\t\t\t\t\t\t\t \n\t\t\t\t\t\t\t\t\t\t<div class=\"col-md-6 text-center\"><a href=\"https:\/\/www.elandalous-marrakech.com\/en\/reservation-list-cure\/?cure_id=816\" class=\"c-button--shevronLeft--gold fancy-form-cure\"><div class=\"o-table\">\n\t\t\t\t\t\t\t\t\t\t\t\t\t<div class=\"o-table__cell--valignMiddle\">\n\t\t\t\t\t\t\t\t\t\t\t\t\t\t<span class=\"glyphicon glyphicon-menu-right\" aria-hidden=\"true\"><\/span> je r\u00e9serve                                    \n\t\t\t\t\t\t\t\t\t\t\t\t\t<\/div>\n\t\t\t\t\t\t\t\t\t\t\t\t<\/div>\n\t\t\t\t\t\t\t\t\t\t\t<\/a>\n\t\t\t\t\t\t\t\t\t\t<\/div>\n\t\t\t\t\t\t\t\t\t\t\n\t\t\t\t\t\t\t\t\t\t<div class=\"clear\"><\/div>\t\t\t\t\t\t\t\n\t\t\t\t\t\t\t\t\t<\/div>\n\t\t\t\t\t\t\t\t\t<div class=\"clear\"><\/div>\n\t\t\t\t\t\t\t\t<\/div>\n\t\t\t\t\t\t\t<\/div><\/div><\/div>\n\t\t\t\t\t\t<div class=\"wpb_column vc_column_container vc_col-sm-4\">\n\t\t\t\t\t\t<div class=\"vc_column-inner \">\n\t\t\t\t\t\t\t<div class=\"c-article__item\">\n\t\t\t\t\t\t\t\t<div class=\"c-article__item--holder\">\n\t\t\t\t\t\t\t\t\t<div class=\"c-article__thumb\">\n\t\t\t\t\t\t\t\t\t\t\t<img decoding=\"async\" src=\"https:\/\/www.elandalous-marrakech.com\/wp-content\/uploads\/2017\/03\/cure-anti-stress-hotel-elandalous-marrakech.jpg\" alt=\"\">\n\t\t\t\t\t\t\t\t\t<\/div>\n\t\t\t\t\t\t\t\t\t\n\t\t\t\t\t\t\t\t\t<div class=\"c-article__content text-center js-itemEqualizer\">\n\t\t\t\t\t\t\t\t\t\t<div class=\"c-pellet\">\n\t\t\t\t\t\t\t\t\t\t\t\t<img decoding=\"async\" class=\"cur_box_icon_image\" src=\"\/wp-content\/themes\/elandalous\/images\/icon\/stress.png\" alt=\"\"><\/div>\n\t\t\t\t\t\t\t\t\t\t<div class=\"clear\"><\/div>\t\t \n\t\t\t\t\t\t\t\t\t\t<div class=\"c-title\">Cure anti-stress burn-out<\/div>\n\t\t\t\t\t\t\t\t\t\t\n\t\t\t\t\t\t\t\t\t\t<div class=\"c-baseline\">\n\t\t\t\t\t\t\t\t\t\t\t  \u00c0 partir de 4 jours & 4 nuits.            \n\t\t\t\t\t\t\t\t\t\t<\/div>\n\t\t\t\t\t\t\t\t\n\t\t\t\t\t\t\t\t\t\t<div class=\"c-excerpt\">\n\t\t\t\t\t\t\t\t\t\t\tApprenez \u00e0 g\u00e9rer votre stress et \u00e0 pr\u00e9venir le burn-out.  \n\t\t\t\t\t\t\t\t\t\t<\/div>\n\t\t\t\t\t\t\t\t\n\t\t\t\t\t\t\t\t\t\t<div class=\"c-price\">\n\t\t\t\t\t\t\t\t\t\t\t<div class=\"c-price__label\">\u00c0 partir de<\/div>\n\t\t\t\t\t\t\t\t\t\t\t<div class=\"c-price__regular\">1440\u20ac<\/div>\n\t\t\t\t\t\t\t\t\t\t\t<div class=\"clear\"><\/div>\n\t\t\t\t\t\t\t\t\t\t<\/div>\n\t\t\t\t\t\t\t\t\t\t<div class=\"clear\"><\/div>\n\t\t\t\t\t\t\t\t\t<\/div>\n\t\t\t\t\t\t\t\t\n\t\t\t\t\t\t\t\t\t<div class=\"c-footer\">\n\t\t\t\t\t\t\t\t\t\t<div class=\"col-md-6 text-center \">\n\t\t\t\t\t\t\t\t\t\t\t<div class=\"button_white\">\n\t\t\t\t\t\t\t\t\t\t\t\t<a href=\"https:\/\/www.elandalous-marrakech.com\/en\/cure\/cure-anti-stress-burn-out\/\" class=\"c-button--shevronLeft--white\">\n\t\t\t\t\t\t\t\t\t\t\t\t\t<span class=\"glyphicon glyphicon-menu-left\" aria-hidden=\"true\"><\/span> je d\u00e9couvre                                            \n\t\t\t\t\t\t\t\t\t\t\t\t<\/a>\n\t\t\t\t\t\t\t\t\t\t\t<\/div>\n\t\t\t\t\t\t\t\t\t\t<\/div>\n\t\t\t\t\t\t\t\t\t\n\t\t\t\t\t\t\t\t\t\t\t\t\t\t\t\t \n\t\t\t\t\t\t\t\t\t\t<div class=\"col-md-6 text-center\"><a href=\"https:\/\/www.elandalous-marrakech.com\/en\/reservation-list-cure\/?cure_id=817\" class=\"c-button--shevronLeft--gold fancy-form-cure\"><div class=\"o-table\">\n\t\t\t\t\t\t\t\t\t\t\t\t\t<div class=\"o-table__cell--valignMiddle\">\n\t\t\t\t\t\t\t\t\t\t\t\t\t\t<span class=\"glyphicon glyphicon-menu-right\" aria-hidden=\"true\"><\/span> je r\u00e9serve                                    \n\t\t\t\t\t\t\t\t\t\t\t\t\t<\/div>\n\t\t\t\t\t\t\t\t\t\t\t\t<\/div>\n\t\t\t\t\t\t\t\t\t\t\t<\/a>\n\t\t\t\t\t\t\t\t\t\t<\/div>\n\t\t\t\t\t\t\t\t\t\t\n\t\t\t\t\t\t\t\t\t\t<div class=\"clear\"><\/div>\t\t\t\t\t\t\t\n\t\t\t\t\t\t\t\t\t<\/div>\n\t\t\t\t\t\t\t\t\t<div class=\"clear\"><\/div>\n\t\t\t\t\t\t\t\t<\/div>\n\t\t\t\t\t\t\t<\/div><\/div><\/div>\n\t\t\t\t\t\t<div class=\"wpb_column vc_column_container vc_col-sm-4\">\n\t\t\t\t\t\t<div class=\"vc_column-inner \">\n\t\t\t\t\t\t\t<div class=\"c-article__item\">\n\t\t\t\t\t\t\t\t<div class=\"c-article__item--holder\">\n\t\t\t\t\t\t\t\t\t<div class=\"c-article__thumb\">\n\t\t\t\t\t\t\t\t\t\t\t<img decoding=\"async\" src=\"https:\/\/www.elandalous-marrakech.com\/wp-content\/uploads\/2017\/03\/cure-apres-cancer-du-sein-hotel-elandalous.jpg\" alt=\"\">\n\t\t\t\t\t\t\t\t\t<\/div>\n\t\t\t\t\t\t\t\t\t\n\t\t\t\t\t\t\t\t\t<div class=\"c-article__content text-center js-itemEqualizer\">\n\t\t\t\t\t\t\t\t\t\t<div class=\"c-pellet\">\n\t\t\t\t\t\t\t\t\t\t\t\t<img decoding=\"async\" class=\"cur_box_icon_image\" src=\"http:\/\/www.elandalous-marrakech.com\/wp-content\/themes\/elandalous\/images\/icon\/cancer-sein.png\" alt=\"\"><\/div>\n\t\t\t\t\t\t\t\t\t\t<div class=\"clear\"><\/div>\t\t \n\t\t\t\t\t\t\t\t\t\t<div class=\"c-title\">Cure apr\u00e8s cancer du sein<\/div>\n\t\t\t\t\t\t\t\t\t\t\n\t\t\t\t\t\t\t\t\t\t<div class=\"c-baseline\">\n\t\t\t\t\t\t\t\t\t\t\t  \u00c0 partir de 6 jours & 6 nuits.            \n\t\t\t\t\t\t\t\t\t\t<\/div>\n\t\t\t\t\t\t\t\t\n\t\t\t\t\t\t\t\t\t\t<div class=\"c-excerpt\">\n\t\t\t\t\t\t\t\t\t\t\tRetrouvez votre \u00e9quilibre moral et physique. Octobre rose. \n\t\t\t\t\t\t\t\t\t\t<\/div>\n\t\t\t\t\t\t\t\t\n\t\t\t\t\t\t\t\t\t\t<div class=\"c-price\">\n\t\t\t\t\t\t\t\t\t\t\t<div class=\"c-price__label\">\u00c0 partir de<\/div>\n\t\t\t\t\t\t\t\t\t\t\t<div class=\"c-price__regular\">2485\u20ac<\/div>\n\t\t\t\t\t\t\t\t\t\t\t<div class=\"clear\"><\/div>\n\t\t\t\t\t\t\t\t\t\t<\/div>\n\t\t\t\t\t\t\t\t\t\t<div class=\"clear\"><\/div>\n\t\t\t\t\t\t\t\t\t<\/div>\n\t\t\t\t\t\t\t\t\n\t\t\t\t\t\t\t\t\t<div class=\"c-footer\">\n\t\t\t\t\t\t\t\t\t\t<div class=\"col-md-6 text-center \">\n\t\t\t\t\t\t\t\t\t\t\t<div class=\"button_white\">\n\t\t\t\t\t\t\t\t\t\t\t\t<a href=\"https:\/\/www.elandalous-marrakech.com\/en\/cure\/cure-apres-cancer-du-sein\/\" class=\"c-button--shevronLeft--white\">\n\t\t\t\t\t\t\t\t\t\t\t\t\t<span class=\"glyphicon glyphicon-menu-left\" aria-hidden=\"true\"><\/span> je d\u00e9couvre                                            \n\t\t\t\t\t\t\t\t\t\t\t\t<\/a>\n\t\t\t\t\t\t\t\t\t\t\t<\/div>\n\t\t\t\t\t\t\t\t\t\t<\/div>\n\t\t\t\t\t\t\t\t\t\n\t\t\t\t\t\t\t\t\t\t\t\t\t\t\t\t \n\t\t\t\t\t\t\t\t\t\t<div class=\"col-md-6 text-center\"><a href=\"https:\/\/www.elandalous-marrakech.com\/en\/reservation-list-cure\/?cure_id=820\" class=\"c-button--shevronLeft--gold fancy-form-cure\"><div class=\"o-table\">\n\t\t\t\t\t\t\t\t\t\t\t\t\t<div class=\"o-table__cell--valignMiddle\">\n\t\t\t\t\t\t\t\t\t\t\t\t\t\t<span class=\"glyphicon glyphicon-menu-right\" aria-hidden=\"true\"><\/span> je r\u00e9serve                                    \n\t\t\t\t\t\t\t\t\t\t\t\t\t<\/div>\n\t\t\t\t\t\t\t\t\t\t\t\t<\/div>\n\t\t\t\t\t\t\t\t\t\t\t<\/a>\n\t\t\t\t\t\t\t\t\t\t<\/div>\n\t\t\t\t\t\t\t\t\t\t\n\t\t\t\t\t\t\t\t\t\t<div class=\"clear\"><\/div>\t\t\t\t\t\t\t\n\t\t\t\t\t\t\t\t\t<\/div>\n\t\t\t\t\t\t\t\t\t<div class=\"clear\"><\/div>\n\t\t\t\t\t\t\t\t<\/div>\n\t\t\t\t\t\t\t<\/div><\/div><\/div>\n\t\t\t\t\t\t[\/vc_column][\/vc_row]<\/p>\n<\/div>","protected":false},"excerpt":{"rendered":"<p>[vc_row][vc_column][\/vc_column][\/vc_row]<\/p>\n","protected":false},"author":1,"featured_media":0,"parent":683,"menu_order":0,"comment_status":"closed","ping_status":"closed","template":"","meta":{"_acf_changed":false,"footnotes":""},"class_list":["post-879","page","type-page","status-publish","hentry"],"translation":{"provider":"WPGlobus","version":"3.0.2","language":"en","enabled_languages":["fr","en","ar"],"languages":{"fr":{"title":true,"content":true,"excerpt":false},"en":{"title":false,"content":false,"excerpt":false},"ar":{"title":false,"content":false,"excerpt":false}}},"acf":[],"_links":{"self":[{"href":"https:\/\/www.elandalous-marrakech.com\/en\/wp-json\/wp\/v2\/pages\/879"}],"collection":[{"href":"https:\/\/www.elandalous-marrakech.com\/en\/wp-json\/wp\/v2\/pages"}],"about":[{"href":"https:\/\/www.elandalous-marrakech.com\/en\/wp-json\/wp\/v2\/types\/page"}],"author":[{"embeddable":true,"href":"https:\/\/www.elandalous-marrakech.com\/en\/wp-json\/wp\/v2\/users\/1"}],"replies":[{"embeddable":true,"href":"https:\/\/www.elandalous-marrakech.com\/en\/wp-json\/wp\/v2\/comments?post=879"}],"version-history":[{"count":1,"href":"https:\/\/www.elandalous-marrakech.com\/en\/wp-json\/wp\/v2\/pages\/879\/revisions"}],"predecessor-version":[{"id":880,"href":"https:\/\/www.elandalous-marrakech.com\/en\/wp-json\/wp\/v2\/pages\/879\/revisions\/880"}],"up":[{"embeddable":true,"href":"https:\/\/www.elandalous-marrakech.com\/en\/wp-json\/wp\/v2\/pages\/683"}],"wp:attachment":[{"href":"https:\/\/www.elandalous-marrakech.com\/en\/wp-json\/wp\/v2\/media?parent=879"}],"curies":[{"name":"wp","href":"https:\/\/api.w.org\/{rel}","templated":true}]}}