{"id":453,"date":"2017-01-02T13:14:58","date_gmt":"2017-01-02T12:14:58","guid":{"rendered":"http:\/\/www.elandalous-marrakech.com\/?page_id=453"},"modified":"2017-03-15T17:27:44","modified_gmt":"2017-03-15T16:27:44","slug":"sejour-beaute-concu-specialement-aux-femmes","status":"publish","type":"page","link":"https:\/\/www.elandalous-marrakech.com\/en\/el-andalous-collection\/sejour\/sejour-beaute-concu-specialement-aux-femmes\/","title":{"rendered":"S\u00e9jour Beaut\u00e9 (con\u00e7u sp\u00e9cialement aux femmes)"},"content":{"rendered":"<div class=\"wpb-content-wrapper\"><p>[vc_row][vc_column]<div class=\"wpb_column vc_column_container vc_col-sm-4\">\n\t\t\t\t\t\t<div class=\"vc_column-inner \">\n\t\t\t\t\t\t\t<div class=\"c-article__item\">\n\t\t\t\t\t\t\t\t<div class=\"c-article__item--holder\">\n\t\t\t\t\t\t\t\t\t<div class=\"c-article__thumb\">\n\t\t\t\t\t\t\t\t\t\t\t<img decoding=\"async\" src=\"https:\/\/www.elandalous-marrakech.com\/wp-content\/uploads\/2017\/03\/teint-celestins-hotel-elandalous-marrakech.jpg\" alt=\"\">\n\t\t\t\t\t\t\t\t\t<\/div>\n\t\t\t\t\t\t\t\t\t\n\t\t\t\t\t\t\t\t\t<div class=\"c-article__content text-center js-itemEqualizer\">\n\t\t\t\t\t\t\t\t\t\t<div class=\"c-pellet\">\n\t\t\t\t\t\t\t\t\t\t\t\t<img decoding=\"async\" class=\"cur_box_icon_image\" src=\"\/wp-content\/themes\/elandalous\/images\/icon\/teint-celesting.png\" alt=\"\"><\/div>\n\t\t\t\t\t\t\t\t\t\t<div class=\"clear\"><\/div>\t\t \n\t\t\t\t\t\t\t\t\t\t<div class=\"c-title\">Teint El Andalous<\/div>\n\t\t\t\t\t\t\t\t\t\t\n\t\t\t\t\t\t\t\t\t\t<div class=\"c-baseline\">\n\t\t\t\t\t\t\t\t\t\t\t  \u00c0 partir de 3 jours & 3 nuits.           \n\t\t\t\t\t\t\t\t\t\t<\/div>\n\t\t\t\t\t\t\t\t\n\t\t\t\t\t\t\t\t\t\t<div class=\"c-excerpt\">\n\t\t\t\t\t\t\t\t\t\t\tRetrouvez une peau min\u00e9ralis\u00e9e, fortifi\u00e9e et \u00e9clatante de beaut\u00e9 dans notre Spa de beaut\u00e9.  \n\t\t\t\t\t\t\t\t\t\t<\/div>\n\t\t\t\t\t\t\t\t\n\t\t\t\t\t\t\t\t\t\t<div class=\"c-price\">\n\t\t\t\t\t\t\t\t\t\t\t<div class=\"c-price__label\">\u00c0 partir de<\/div>\n\t\t\t\t\t\t\t\t\t\t\t<div class=\"c-price__regular\">1050\u20ac<\/div>\n\t\t\t\t\t\t\t\t\t\t\t<div class=\"clear\"><\/div>\n\t\t\t\t\t\t\t\t\t\t<\/div>\n\t\t\t\t\t\t\t\t\t\t<div class=\"clear\"><\/div>\n\t\t\t\t\t\t\t\t\t<\/div>\n\t\t\t\t\t\t\t\t\n\t\t\t\t\t\t\t\t\t<div class=\"c-footer\">\n\t\t\t\t\t\t\t\t\t\t<div class=\"col-md-6 text-center \">\n\t\t\t\t\t\t\t\t\t\t\t<div class=\"button_white\">\n\t\t\t\t\t\t\t\t\t\t\t\t<a href=\"https:\/\/www.elandalous-marrakech.com\/en\/cure\/teint-elandalous\/\" class=\"c-button--shevronLeft--white\">\n\t\t\t\t\t\t\t\t\t\t\t\t\t<span class=\"glyphicon glyphicon-menu-left\" aria-hidden=\"true\"><\/span> je d\u00e9couvre                                            \n\t\t\t\t\t\t\t\t\t\t\t\t<\/a>\n\t\t\t\t\t\t\t\t\t\t\t<\/div>\n\t\t\t\t\t\t\t\t\t\t<\/div>\n\t\t\t\t\t\t\t\t\t\n\t\t\t\t\t\t\t\t\t\t\t\t\t\t\t\t \n\t\t\t\t\t\t\t\t\t\t<div class=\"col-md-6 text-center\"><a href=\"https:\/\/www.elandalous-marrakech.com\/en\/reservation-list-cure\/?cure_id=832\" class=\"c-button--shevronLeft--gold fancy-form-cure\"><div class=\"o-table\">\n\t\t\t\t\t\t\t\t\t\t\t\t\t<div class=\"o-table__cell--valignMiddle\">\n\t\t\t\t\t\t\t\t\t\t\t\t\t\t<span class=\"glyphicon glyphicon-menu-right\" aria-hidden=\"true\"><\/span> je r\u00e9serve                                    \n\t\t\t\t\t\t\t\t\t\t\t\t\t<\/div>\n\t\t\t\t\t\t\t\t\t\t\t\t<\/div>\n\t\t\t\t\t\t\t\t\t\t\t<\/a>\n\t\t\t\t\t\t\t\t\t\t<\/div>\n\t\t\t\t\t\t\t\t\t\t\n\t\t\t\t\t\t\t\t\t\t<div class=\"clear\"><\/div>\t\t\t\t\t\t\t\n\t\t\t\t\t\t\t\t\t<\/div>\n\t\t\t\t\t\t\t\t\t<div class=\"clear\"><\/div>\n\t\t\t\t\t\t\t\t<\/div>\n\t\t\t\t\t\t\t<\/div><\/div><\/div>\n\t\t\t\t\t\t<div class=\"wpb_column vc_column_container vc_col-sm-4\">\n\t\t\t\t\t\t<div class=\"vc_column-inner \">\n\t\t\t\t\t\t\t<div class=\"c-article__item\">\n\t\t\t\t\t\t\t\t<div class=\"c-article__item--holder\">\n\t\t\t\t\t\t\t\t\t<div class=\"c-article__thumb\">\n\t\t\t\t\t\t\t\t\t\t\t<img decoding=\"async\" src=\"https:\/\/www.elandalous-marrakech.com\/wp-content\/uploads\/2017\/03\/cure-anti-age-hotel-elandalous-marrakech.jpg\" alt=\"\">\n\t\t\t\t\t\t\t\t\t<\/div>\n\t\t\t\t\t\t\t\t\t\n\t\t\t\t\t\t\t\t\t<div class=\"c-article__content text-center js-itemEqualizer\">\n\t\t\t\t\t\t\t\t\t\t<div class=\"c-pellet\">\n\t\t\t\t\t\t\t\t\t\t\t\t<img decoding=\"async\" class=\"cur_box_icon_image\" src=\"\/wp-content\/themes\/elandalous\/images\/icon\/anticellulite.png\" alt=\"\"><\/div>\n\t\t\t\t\t\t\t\t\t\t<div class=\"clear\"><\/div>\t\t \n\t\t\t\t\t\t\t\t\t\t<div class=\"c-title\">Cure anti-\u00e2ge<\/div>\n\t\t\t\t\t\t\t\t\t\t\n\t\t\t\t\t\t\t\t\t\t<div class=\"c-baseline\">\n\t\t\t\t\t\t\t\t\t\t\t  \u00c0 partir de 3 jours & 3 nuits.            \n\t\t\t\t\t\t\t\t\t\t<\/div>\n\t\t\t\t\t\t\t\t\n\t\t\t\t\t\t\t\t\t\t<div class=\"c-excerpt\">\n\t\t\t\t\t\t\t\t\t\t\tR\u00e9g\u00e9n\u00e9rez l'activit\u00e9 cellulaire de votre peau avec un effet tenseur imm\u00e9diat.  \n\t\t\t\t\t\t\t\t\t\t<\/div>\n\t\t\t\t\t\t\t\t\n\t\t\t\t\t\t\t\t\t\t<div class=\"c-price\">\n\t\t\t\t\t\t\t\t\t\t\t<div class=\"c-price__label\">\u00c0 partir de<\/div>\n\t\t\t\t\t\t\t\t\t\t\t<div class=\"c-price__regular\">1050\u20ac<\/div>\n\t\t\t\t\t\t\t\t\t\t\t<div class=\"clear\"><\/div>\n\t\t\t\t\t\t\t\t\t\t<\/div>\n\t\t\t\t\t\t\t\t\t\t<div class=\"clear\"><\/div>\n\t\t\t\t\t\t\t\t\t<\/div>\n\t\t\t\t\t\t\t\t\n\t\t\t\t\t\t\t\t\t<div class=\"c-footer\">\n\t\t\t\t\t\t\t\t\t\t<div class=\"col-md-6 text-center \">\n\t\t\t\t\t\t\t\t\t\t\t<div class=\"button_white\">\n\t\t\t\t\t\t\t\t\t\t\t\t<a href=\"https:\/\/www.elandalous-marrakech.com\/en\/cure\/cure-anti-age\/\" class=\"c-button--shevronLeft--white\">\n\t\t\t\t\t\t\t\t\t\t\t\t\t<span class=\"glyphicon glyphicon-menu-left\" aria-hidden=\"true\"><\/span> je d\u00e9couvre                                            \n\t\t\t\t\t\t\t\t\t\t\t\t<\/a>\n\t\t\t\t\t\t\t\t\t\t\t<\/div>\n\t\t\t\t\t\t\t\t\t\t<\/div>\n\t\t\t\t\t\t\t\t\t\n\t\t\t\t\t\t\t\t\t\t\t\t\t\t\t\t \n\t\t\t\t\t\t\t\t\t\t<div class=\"col-md-6 text-center\"><a href=\"https:\/\/www.elandalous-marrakech.com\/en\/reservation-list-cure\/?cure_id=834\" class=\"c-button--shevronLeft--gold fancy-form-cure\"><div class=\"o-table\">\n\t\t\t\t\t\t\t\t\t\t\t\t\t<div class=\"o-table__cell--valignMiddle\">\n\t\t\t\t\t\t\t\t\t\t\t\t\t\t<span class=\"glyphicon glyphicon-menu-right\" aria-hidden=\"true\"><\/span> je r\u00e9serve                                    \n\t\t\t\t\t\t\t\t\t\t\t\t\t<\/div>\n\t\t\t\t\t\t\t\t\t\t\t\t<\/div>\n\t\t\t\t\t\t\t\t\t\t\t<\/a>\n\t\t\t\t\t\t\t\t\t\t<\/div>\n\t\t\t\t\t\t\t\t\t\t\n\t\t\t\t\t\t\t\t\t\t<div class=\"clear\"><\/div>\t\t\t\t\t\t\t\n\t\t\t\t\t\t\t\t\t<\/div>\n\t\t\t\t\t\t\t\t\t<div class=\"clear\"><\/div>\n\t\t\t\t\t\t\t\t<\/div>\n\t\t\t\t\t\t\t<\/div><\/div><\/div>\n\t\t\t\t\t\t<div class=\"wpb_column vc_column_container vc_col-sm-4\">\n\t\t\t\t\t\t<div class=\"vc_column-inner \">\n\t\t\t\t\t\t\t<div class=\"c-article__item\">\n\t\t\t\t\t\t\t\t<div class=\"c-article__item--holder\">\n\t\t\t\t\t\t\t\t\t<div class=\"c-article__thumb\">\n\t\t\t\t\t\t\t\t\t\t\t<img decoding=\"async\" src=\"https:\/\/www.elandalous-marrakech.com\/wp-content\/uploads\/2017\/03\/cure-menopause-hotel-elandalous.jpg\" alt=\"\">\n\t\t\t\t\t\t\t\t\t<\/div>\n\t\t\t\t\t\t\t\t\t\n\t\t\t\t\t\t\t\t\t<div class=\"c-article__content text-center js-itemEqualizer\">\n\t\t\t\t\t\t\t\t\t\t<div class=\"c-pellet\">\n\t\t\t\t\t\t\t\t\t\t\t\t<img decoding=\"async\" class=\"cur_box_icon_image\" src=\"\/wp-content\/themes\/elandalous\/images\/icon\/cure-menopause.png\" alt=\"\"><\/div>\n\t\t\t\t\t\t\t\t\t\t<div class=\"clear\"><\/div>\t\t \n\t\t\t\t\t\t\t\t\t\t<div class=\"c-title\">Cure m\u00e9nopause<\/div>\n\t\t\t\t\t\t\t\t\t\t\n\t\t\t\t\t\t\t\t\t\t<div class=\"c-baseline\">\n\t\t\t\t\t\t\t\t\t\t\t  \u00c0 partir de 4 jours & 4 nuits.           \n\t\t\t\t\t\t\t\t\t\t<\/div>\n\t\t\t\t\t\t\t\t\n\t\t\t\t\t\t\t\t\t\t<div class=\"c-excerpt\">\n\t\t\t\t\t\t\t\t\t\t\tPassez le cap de ce processus naturel.  \n\t\t\t\t\t\t\t\t\t\t<\/div>\n\t\t\t\t\t\t\t\t\n\t\t\t\t\t\t\t\t\t\t<div class=\"c-price\">\n\t\t\t\t\t\t\t\t\t\t\t<div class=\"c-price__label\">\u00c0 partir de<\/div>\n\t\t\t\t\t\t\t\t\t\t\t<div class=\"c-price__regular\">1484\u20ac<\/div>\n\t\t\t\t\t\t\t\t\t\t\t<div class=\"clear\"><\/div>\n\t\t\t\t\t\t\t\t\t\t<\/div>\n\t\t\t\t\t\t\t\t\t\t<div class=\"clear\"><\/div>\n\t\t\t\t\t\t\t\t\t<\/div>\n\t\t\t\t\t\t\t\t\n\t\t\t\t\t\t\t\t\t<div class=\"c-footer\">\n\t\t\t\t\t\t\t\t\t\t<div class=\"col-md-6 text-center \">\n\t\t\t\t\t\t\t\t\t\t\t<div class=\"button_white\">\n\t\t\t\t\t\t\t\t\t\t\t\t<a href=\"https:\/\/www.elandalous-marrakech.com\/en\/cure\/cure-menopause\/\" class=\"c-button--shevronLeft--white\">\n\t\t\t\t\t\t\t\t\t\t\t\t\t<span class=\"glyphicon glyphicon-menu-left\" aria-hidden=\"true\"><\/span> je d\u00e9couvre                                            \n\t\t\t\t\t\t\t\t\t\t\t\t<\/a>\n\t\t\t\t\t\t\t\t\t\t\t<\/div>\n\t\t\t\t\t\t\t\t\t\t<\/div>\n\t\t\t\t\t\t\t\t\t\n\t\t\t\t\t\t\t\t\t\t\t\t\t\t\t\t \n\t\t\t\t\t\t\t\t\t\t<div class=\"col-md-6 text-center\"><a href=\"https:\/\/www.elandalous-marrakech.com\/en\/reservation-list-cure\/?cure_id=818\" class=\"c-button--shevronLeft--gold fancy-form-cure\"><div class=\"o-table\">\n\t\t\t\t\t\t\t\t\t\t\t\t\t<div class=\"o-table__cell--valignMiddle\">\n\t\t\t\t\t\t\t\t\t\t\t\t\t\t<span class=\"glyphicon glyphicon-menu-right\" aria-hidden=\"true\"><\/span> je r\u00e9serve                                    \n\t\t\t\t\t\t\t\t\t\t\t\t\t<\/div>\n\t\t\t\t\t\t\t\t\t\t\t\t<\/div>\n\t\t\t\t\t\t\t\t\t\t\t<\/a>\n\t\t\t\t\t\t\t\t\t\t<\/div>\n\t\t\t\t\t\t\t\t\t\t\n\t\t\t\t\t\t\t\t\t\t<div class=\"clear\"><\/div>\t\t\t\t\t\t\t\n\t\t\t\t\t\t\t\t\t<\/div>\n\t\t\t\t\t\t\t\t\t<div class=\"clear\"><\/div>\n\t\t\t\t\t\t\t\t<\/div>\n\t\t\t\t\t\t\t<\/div><\/div><\/div>\n\t\t\t\t\t\t<div class=\"wpb_column vc_column_container vc_col-sm-4\">\n\t\t\t\t\t\t<div class=\"vc_column-inner \">\n\t\t\t\t\t\t\t<div class=\"c-article__item\">\n\t\t\t\t\t\t\t\t<div class=\"c-article__item--holder\">\n\t\t\t\t\t\t\t\t\t<div class=\"c-article__thumb\">\n\t\t\t\t\t\t\t\t\t\t\t<img decoding=\"async\" src=\"https:\/\/www.elandalous-marrakech.com\/wp-content\/uploads\/2017\/03\/cure-pr\u00e9natale-hotel-elandalous.jpg\" alt=\"\">\n\t\t\t\t\t\t\t\t\t<\/div>\n\t\t\t\t\t\t\t\t\t\n\t\t\t\t\t\t\t\t\t<div class=\"c-article__content text-center js-itemEqualizer\">\n\t\t\t\t\t\t\t\t\t\t<div class=\"c-pellet\">\n\t\t\t\t\t\t\t\t\t\t\t\t<img decoding=\"async\" class=\"cur_box_icon_image\" src=\"\/wp-content\/themes\/elandalous\/images\/icon\/prenatal.png\" alt=\"\"><\/div>\n\t\t\t\t\t\t\t\t\t\t<div class=\"clear\"><\/div>\t\t \n\t\t\t\t\t\t\t\t\t\t<div class=\"c-title\">Cure pr\u00e9natale<\/div>\n\t\t\t\t\t\t\t\t\t\t\n\t\t\t\t\t\t\t\t\t\t<div class=\"c-baseline\">\n\t\t\t\t\t\t\t\t\t\t\t  \u00c0 partir de 4 jours & 4 nuits.            \n\t\t\t\t\t\t\t\t\t\t<\/div>\n\t\t\t\t\t\t\t\t\n\t\t\t\t\t\t\t\t\t\t<div class=\"c-excerpt\">\n\t\t\t\t\t\t\t\t\t\t\tVivez sereinement votre grossesse.  \n\t\t\t\t\t\t\t\t\t\t<\/div>\n\t\t\t\t\t\t\t\t\n\t\t\t\t\t\t\t\t\t\t<div class=\"c-price\">\n\t\t\t\t\t\t\t\t\t\t\t<div class=\"c-price__label\">\u00c0 partir de<\/div>\n\t\t\t\t\t\t\t\t\t\t\t<div class=\"c-price__regular\">1421\u20ac<\/div>\n\t\t\t\t\t\t\t\t\t\t\t<div class=\"clear\"><\/div>\n\t\t\t\t\t\t\t\t\t\t<\/div>\n\t\t\t\t\t\t\t\t\t\t<div class=\"clear\"><\/div>\n\t\t\t\t\t\t\t\t\t<\/div>\n\t\t\t\t\t\t\t\t\n\t\t\t\t\t\t\t\t\t<div class=\"c-footer\">\n\t\t\t\t\t\t\t\t\t\t<div class=\"col-md-6 text-center \">\n\t\t\t\t\t\t\t\t\t\t\t<div class=\"button_white\">\n\t\t\t\t\t\t\t\t\t\t\t\t<a href=\"https:\/\/www.elandalous-marrakech.com\/en\/cure\/cure-prenatale\/\" class=\"c-button--shevronLeft--white\">\n\t\t\t\t\t\t\t\t\t\t\t\t\t<span class=\"glyphicon glyphicon-menu-left\" aria-hidden=\"true\"><\/span> je d\u00e9couvre                                            \n\t\t\t\t\t\t\t\t\t\t\t\t<\/a>\n\t\t\t\t\t\t\t\t\t\t\t<\/div>\n\t\t\t\t\t\t\t\t\t\t<\/div>\n\t\t\t\t\t\t\t\t\t\n\t\t\t\t\t\t\t\t\t\t\t\t\t\t\t\t \n\t\t\t\t\t\t\t\t\t\t<div class=\"col-md-6 text-center\"><a href=\"https:\/\/www.elandalous-marrakech.com\/en\/reservation-list-cure\/?cure_id=819\" class=\"c-button--shevronLeft--gold fancy-form-cure\"><div class=\"o-table\">\n\t\t\t\t\t\t\t\t\t\t\t\t\t<div class=\"o-table__cell--valignMiddle\">\n\t\t\t\t\t\t\t\t\t\t\t\t\t\t<span class=\"glyphicon glyphicon-menu-right\" aria-hidden=\"true\"><\/span> je r\u00e9serve                                    \n\t\t\t\t\t\t\t\t\t\t\t\t\t<\/div>\n\t\t\t\t\t\t\t\t\t\t\t\t<\/div>\n\t\t\t\t\t\t\t\t\t\t\t<\/a>\n\t\t\t\t\t\t\t\t\t\t<\/div>\n\t\t\t\t\t\t\t\t\t\t\n\t\t\t\t\t\t\t\t\t\t<div class=\"clear\"><\/div>\t\t\t\t\t\t\t\n\t\t\t\t\t\t\t\t\t<\/div>\n\t\t\t\t\t\t\t\t\t<div class=\"clear\"><\/div>\n\t\t\t\t\t\t\t\t<\/div>\n\t\t\t\t\t\t\t<\/div><\/div><\/div>\n\t\t\t\t\t\t[\/vc_column][\/vc_row]<\/p>\n<\/div>","protected":false},"excerpt":{"rendered":"<p>[vc_row][vc_column][\/vc_column][\/vc_row]<\/p>\n","protected":false},"author":1,"featured_media":0,"parent":683,"menu_order":0,"comment_status":"closed","ping_status":"closed","template":"","meta":{"_acf_changed":false,"footnotes":""},"class_list":["post-453","page","type-page","status-publish","hentry"],"translation":{"provider":"WPGlobus","version":"3.0.2","language":"en","enabled_languages":["fr","en","ar"],"languages":{"fr":{"title":true,"content":true,"excerpt":false},"en":{"title":false,"content":false,"excerpt":false},"ar":{"title":false,"content":false,"excerpt":false}}},"acf":[],"_links":{"self":[{"href":"https:\/\/www.elandalous-marrakech.com\/en\/wp-json\/wp\/v2\/pages\/453"}],"collection":[{"href":"https:\/\/www.elandalous-marrakech.com\/en\/wp-json\/wp\/v2\/pages"}],"about":[{"href":"https:\/\/www.elandalous-marrakech.com\/en\/wp-json\/wp\/v2\/types\/page"}],"author":[{"embeddable":true,"href":"https:\/\/www.elandalous-marrakech.com\/en\/wp-json\/wp\/v2\/users\/1"}],"replies":[{"embeddable":true,"href":"https:\/\/www.elandalous-marrakech.com\/en\/wp-json\/wp\/v2\/comments?post=453"}],"version-history":[{"count":8,"href":"https:\/\/www.elandalous-marrakech.com\/en\/wp-json\/wp\/v2\/pages\/453\/revisions"}],"predecessor-version":[{"id":886,"href":"https:\/\/www.elandalous-marrakech.com\/en\/wp-json\/wp\/v2\/pages\/453\/revisions\/886"}],"up":[{"embeddable":true,"href":"https:\/\/www.elandalous-marrakech.com\/en\/wp-json\/wp\/v2\/pages\/683"}],"wp:attachment":[{"href":"https:\/\/www.elandalous-marrakech.com\/en\/wp-json\/wp\/v2\/media?parent=453"}],"curies":[{"name":"wp","href":"https:\/\/api.w.org\/{rel}","templated":true}]}}