{"id":2071,"date":"2024-10-05T10:18:52","date_gmt":"2024-10-05T09:18:52","guid":{"rendered":"https:\/\/www.elandalous-marrakech.com\/?page_id=2071"},"modified":"2024-10-05T12:29:22","modified_gmt":"2024-10-05T11:29:22","slug":"pack-golf","status":"publish","type":"page","link":"https:\/\/www.elandalous-marrakech.com\/en\/nos-packs\/pack-golf\/","title":{"rendered":"Pack Golf"},"content":{"rendered":"<div class=\"wpb-content-wrapper\"><p>[vc_row equal_height=&#8221;yes&#8221; content_placement=&#8221;middle&#8221;][vc_column width=&#8221;1\/2&#8243;][vc_single_image image=&#8221;2078&#8243; img_size=&#8221;large&#8221; alignment=&#8221;center&#8221; css=&#8221;&#8221;][\/vc_column][vc_column width=&#8221;1\/2&#8243;][vc_custom_heading text=&#8221;Optez pour une exp\u00e9rience golfique unique avec notre Pack Golf exclusif ! Combinez d\u00e9tente, sport et bien-\u00eatre avec un s\u00e9jour en suite, hammam, massage, et un parcours de golf. R\u00e9servez votre moment d&#8217;exception d\u00e8s maintenant !&#8221; font_container=&#8221;tag:p|font_size:24px|text_align:left|line_height:1.3&#8243; google_fonts=&#8221;font_family:Adamina%3Aregular|font_style:400%20regular%3A400%3Anormal&#8221; css=&#8221;&#8221;][\/vc_column][\/vc_row][vc_row][vc_column width=&#8221;1\/4&#8243;][\/vc_column][vc_column width=&#8221;1\/2&#8243;][vc_custom_heading text=&#8221;Pack Golf&#8221; font_container=&#8221;tag:h3|font_size:42px|text_align:center&#8221; google_fonts=&#8221;font_family:Arvo%3Aregular%2Citalic%2C700%2C700italic|font_style:700%20bold%20regular%3A700%3Anormal&#8221; css=&#8221;&#8221;][vc_empty_space][vc_column_text css=&#8221;&#8221;]<\/p>\n<div class=\"widget_nav_menu\" style=\"font-size: 120%;\">\n<ul>\n<li>Suite (1 pax) en BB ( \u00c0 partir d\u2019une nuit\u00e9e)<\/li>\n<li>Accueil apr\u00e8s Golf (Th\u00e9 + g\u00e2teaux marocains)<\/li>\n<li>Hammam + Massage<\/li>\n<li>10% coupon Las Terrazas<\/li>\n<li>Golf 18 ou 9 trous<\/li>\n<li>Transport inclus<\/li>\n<\/ul>\n<\/div>\n<p>[\/vc_column_text][vc_empty_space height=&#8221;64px&#8221;][\/vc_column][vc_column width=&#8221;1\/4&#8243;][\/vc_column][\/vc_row][vc_row][vc_column width=&#8221;1\/2&#8243;][vc_custom_heading text=&#8221;Total de 9 Trous \/ 1 Pax : 3119 MAD&#8221; font_container=&#8221;tag:p|font_size:32px|text_align:center|color:%235656D7&#8243; google_fonts=&#8221;font_family:Yeseva%20One%3Aregular|font_style:400%20regular%3A400%3Anormal&#8221; css=&#8221;&#8221;][vc_btn title=&#8221;Profiter de l&#8217;offre&#8221; style=&#8221;flat&#8221; color=&#8221;pink&#8221; align=&#8221;center&#8221; css=&#8221;.vc_custom_1728127732780{margin-top: 36px !important;}&#8221; custom_onclick=&#8221;true&#8221; custom_onclick_code=&#8221;jQuery(&#8216;#agafay1Modal&#8217;).modal()&#8221; link=&#8221;url:https%3A%2F%2Fwww.elandalous-marrakech.com%2Fnos-packs%2Freservation-pack%2F|title:R%C3%A9servation%20pack&#8221;][\/vc_column][vc_column width=&#8221;1\/2&#8243;][vc_custom_heading text=&#8221;Total de 18 Trous \/ 2 Pax : 3319 MAD&#8221; font_container=&#8221;tag:p|font_size:32px|text_align:center|color:%235656D7&#8243; google_fonts=&#8221;font_family:Yeseva%20One%3Aregular|font_style:400%20regular%3A400%3Anormal&#8221; css=&#8221;&#8221;][vc_btn title=&#8221;Profiter de l&#8217;offre&#8221; style=&#8221;flat&#8221; color=&#8221;danger&#8221; align=&#8221;center&#8221; css=&#8221;.vc_custom_1728127740652{margin-top: 36px !important;}&#8221; link=&#8221;url:https%3A%2F%2Fwww.elandalous-marrakech.com%2Fnos-packs%2Freservation-pack%2F|title:R%C3%A9servation%20pack&#8221;][\/vc_column][\/vc_row]<\/p>\n<\/div>","protected":false},"excerpt":{"rendered":"<p>[vc_row equal_height=&#8221;yes&#8221; content_placement=&#8221;middle&#8221;][vc_column width=&#8221;1\/2&#8243;][vc_single_image image=&#8221;2078&#8243; img_size=&#8221;large&#8221; alignment=&#8221;center&#8221; css=&#8221;&#8221;][\/vc_column][vc_column width=&#8221;1\/2&#8243;][vc_custom_heading text=&#8221;Optez pour une exp\u00e9rience golfique unique avec notre Pack Golf exclusif ! Combinez d\u00e9tente, sport et bien-\u00eatre avec un s\u00e9jour en suite, hammam, massage, et un parcours de golf. R\u00e9servez votre moment d&#8217;exception d\u00e8s maintenant !&#8221; font_container=&#8221;tag:p|font_size:24px|text_align:left|line_height:1.3&#8243; google_fonts=&#8221;font_family:Adamina%3Aregular|font_style:400%20regular%3A400%3Anormal&#8221; css=&#8221;&#8221;][\/vc_column][\/vc_row][vc_row][vc_column width=&#8221;1\/4&#8243;][\/vc_column][vc_column width=&#8221;1\/2&#8243;][vc_custom_heading text=&#8221;Pack Golf&#8221; font_container=&#8221;tag:h3|font_size:42px|text_align:center&#8221; google_fonts=&#8221;font_family:Arvo%3Aregular%2Citalic%2C700%2C700italic|font_style:700%20bold%20regular%3A700%3Anormal&#8221; css=&#8221;&#8221;][vc_empty_space][vc_column_text&#8230; <\/p>\n<div class=\"clear\"><\/div>\n<p><a href=\"https:\/\/www.elandalous-marrakech.com\/en\/nos-packs\/pack-golf\/\" class=\"excerpt-read-more\">Continue Reading<i class=\"fa fa-long-arrow-right icon-long-arrow-right\"><\/i><\/a><\/p>\n","protected":false},"author":1,"featured_media":0,"parent":23,"menu_order":0,"comment_status":"closed","ping_status":"closed","template":"template-package.php","meta":{"_acf_changed":false,"footnotes":""},"class_list":["post-2071","page","type-page","status-publish","hentry"],"translation":{"provider":"WPGlobus","version":"3.0.2","language":"en","enabled_languages":["fr","en","ar"],"languages":{"fr":{"title":true,"content":true,"excerpt":false},"en":{"title":false,"content":false,"excerpt":false},"ar":{"title":false,"content":false,"excerpt":false}}},"acf":[],"_links":{"self":[{"href":"https:\/\/www.elandalous-marrakech.com\/en\/wp-json\/wp\/v2\/pages\/2071"}],"collection":[{"href":"https:\/\/www.elandalous-marrakech.com\/en\/wp-json\/wp\/v2\/pages"}],"about":[{"href":"https:\/\/www.elandalous-marrakech.com\/en\/wp-json\/wp\/v2\/types\/page"}],"author":[{"embeddable":true,"href":"https:\/\/www.elandalous-marrakech.com\/en\/wp-json\/wp\/v2\/users\/1"}],"replies":[{"embeddable":true,"href":"https:\/\/www.elandalous-marrakech.com\/en\/wp-json\/wp\/v2\/comments?post=2071"}],"version-history":[{"count":8,"href":"https:\/\/www.elandalous-marrakech.com\/en\/wp-json\/wp\/v2\/pages\/2071\/revisions"}],"predecessor-version":[{"id":2089,"href":"https:\/\/www.elandalous-marrakech.com\/en\/wp-json\/wp\/v2\/pages\/2071\/revisions\/2089"}],"up":[{"embeddable":true,"href":"https:\/\/www.elandalous-marrakech.com\/en\/wp-json\/wp\/v2\/pages\/23"}],"wp:attachment":[{"href":"https:\/\/www.elandalous-marrakech.com\/en\/wp-json\/wp\/v2\/media?parent=2071"}],"curies":[{"name":"wp","href":"https:\/\/api.w.org\/{rel}","templated":true}]}}