{"id":2069,"date":"2024-10-05T10:14:59","date_gmt":"2024-10-05T09:14:59","guid":{"rendered":"https:\/\/www.elandalous-marrakech.com\/?page_id=2069"},"modified":"2024-10-05T12:29:48","modified_gmt":"2024-10-05T11:29:48","slug":"pack-mongonlfiere","status":"publish","type":"page","link":"https:\/\/www.elandalous-marrakech.com\/en\/nos-packs\/pack-mongonlfiere\/","title":{"rendered":"Pack Montgolfi\u00e8re"},"content":{"rendered":"<div class=\"wpb-content-wrapper\"><p>[vc_row equal_height=&#8221;yes&#8221; content_placement=&#8221;middle&#8221;][vc_column width=&#8221;1\/2&#8243;][vc_single_image image=&#8221;2076&#8243; img_size=&#8221;large&#8221; alignment=&#8221;center&#8221; css=&#8221;&#8221;][\/vc_column][vc_column width=&#8221;1\/2&#8243;][vc_custom_heading text=&#8221;Vivez une aventure inoubliable dans les airs avec nos Packs Montgolfi\u00e8re ! Profitez de moments magiques \u00e0 deux avec des vols exclusifs, h\u00e9bergement en suite, d\u00e9tente au spa, et plus encore.&#8221; font_container=&#8221;tag:p|font_size:24px|text_align:left|line_height:1.3&#8243; google_fonts=&#8221;font_family:Adamina%3Aregular|font_style:400%20regular%3A400%3Anormal&#8221; css=&#8221;&#8221;][vc_custom_heading text=&#8221;R\u00e9servez votre exp\u00e9rience unique d\u00e8s maintenant !&#8221; font_container=&#8221;tag:p|font_size:24px|text_align:left|line_height:1.3&#8243; google_fonts=&#8221;font_family:Adamina%3Aregular|font_style:400%20regular%3A400%3Anormal&#8221; css=&#8221;&#8221;][\/vc_column][\/vc_row][vc_row][vc_column width=&#8221;1\/2&#8243;][vc_custom_heading text=&#8221;R\u00eave en Montgolfi\u00e8re&#8221; font_container=&#8221;tag:h3|font_size:42px|text_align:center&#8221; google_fonts=&#8221;font_family:Arvo%3Aregular%2Citalic%2C700%2C700italic|font_style:700%20bold%20regular%3A700%3Anormal&#8221; css=&#8221;&#8221;][vc_empty_space][vc_column_text css=&#8221;&#8221;]<\/p>\n<h3>1\u00e8re nuit :<\/h3>\n<div class=\"widget_nav_menu\" style=\"font-size: 120%;\">\n<ul>\n<li>Suite nuptiale en formule Bed Only<\/li>\n<li>Vol en montgolfi\u00e8re 1<\/li>\n<li>Vol de 1 heure<\/li>\n<li>Petit d\u00e9jeuner inclus.<\/li>\n<li>Accueil apr\u00e8s l&#8217;activit\u00e9 avec th\u00e9 et g\u00e2teau marocain.<\/li>\n<li>Hammam et massage<\/li>\n<\/ul>\n<\/div>\n<h3>2\u00e8me nuit :<\/h3>\n<div class=\"widget_nav_menu\" style=\"font-size: 120%;\">\n<ul>\n<li>H\u00e9bergement en BB.<\/li>\n<li>Coupon de r\u00e9duction de 10 % pour Las Terrazas<\/li>\n<\/ul>\n<\/div>\n<p>[\/vc_column_text][vc_empty_space height=&#8221;112px&#8221;][vc_custom_heading text=&#8221;Total de 2 Pax : 8 679 MAD&#8221; font_container=&#8221;tag:p|font_size:36px|text_align:center|color:%235656D7&#8243; google_fonts=&#8221;font_family:Yeseva%20One%3Aregular|font_style:400%20regular%3A400%3Anormal&#8221; css=&#8221;&#8221;][vc_btn title=&#8221;Profiter de l&#8217;offre&#8221; style=&#8221;flat&#8221; color=&#8221;pink&#8221; align=&#8221;center&#8221; css=&#8221;.vc_custom_1728127756653{margin-top: 36px !important;}&#8221; link=&#8221;url:https%3A%2F%2Fwww.elandalous-marrakech.com%2Fnos-packs%2Freservation-pack%2F|title:R%C3%A9servation%20pack&#8221;][\/vc_column][vc_column width=&#8221;1\/2&#8243;][vc_custom_heading text=&#8221;Love in the air&#8221; font_container=&#8221;tag:h3|font_size:42px|text_align:center&#8221; google_fonts=&#8221;font_family:Arvo%3Aregular%2Citalic%2C700%2C700italic|font_style:700%20bold%20regular%3A700%3Anormal&#8221; css=&#8221;&#8221;][vc_empty_space][vc_column_text css=&#8221;&#8221;]<\/p>\n<h3>1\u00e8re nuit :<\/h3>\n<div class=\"widget_nav_menu\" style=\"font-size: 120%;\">\n<ul>\n<li>Suite nuptiale en formule Bed Only<\/li>\n<li>Vol en montgolfi\u00e8re priv\u00e9 2<\/li>\n<li>Transport inclus (haut de gamme et priv\u00e9)<\/li>\n<li>Petit d\u00e9jeuner en plein air<\/li>\n<li>Vol de 1 heure.<\/li>\n<li>Petit d\u00e9jeuner inclus.<\/li>\n<li>Accueil apr\u00e8s l&#8217;activit\u00e9 avec th\u00e9 et g\u00e2teau marocain.<\/li>\n<li>Hammam et massage<\/li>\n<\/ul>\n<\/div>\n<h3>2\u00e8me nuit :<\/h3>\n<div class=\"widget_nav_menu\" style=\"font-size: 120%;\">\n<ul>\n<li>H\u00e9bergement en BB.<\/li>\n<li>D\u00eener romantique &#8211; Jardin Andalous<\/li>\n<\/ul>\n<\/div>\n<p>[\/vc_column_text][vc_empty_space][vc_custom_heading text=&#8221;Total de 2 Pax : 17 689 MAD&#8221; font_container=&#8221;tag:p|font_size:36px|text_align:center|color:%235656D7&#8243; google_fonts=&#8221;font_family:Yeseva%20One%3Aregular|font_style:400%20regular%3A400%3Anormal&#8221; css=&#8221;&#8221;][vc_btn title=&#8221;Profiter de l&#8217;offre&#8221; style=&#8221;flat&#8221; color=&#8221;danger&#8221; align=&#8221;center&#8221; css=&#8221;.vc_custom_1728127764645{margin-top: 36px !important;}&#8221; link=&#8221;url:https%3A%2F%2Fwww.elandalous-marrakech.com%2Fnos-packs%2Freservation-pack%2F|title:R%C3%A9servation%20pack&#8221;][\/vc_column][\/vc_row]<\/p>\n<\/div>","protected":false},"excerpt":{"rendered":"<p>[vc_row equal_height=&#8221;yes&#8221; content_placement=&#8221;middle&#8221;][vc_column width=&#8221;1\/2&#8243;][vc_single_image image=&#8221;2076&#8243; img_size=&#8221;large&#8221; alignment=&#8221;center&#8221; css=&#8221;&#8221;][\/vc_column][vc_column width=&#8221;1\/2&#8243;][vc_custom_heading text=&#8221;Vivez une aventure inoubliable dans les airs avec nos Packs Montgolfi\u00e8re ! Profitez de moments magiques \u00e0 deux avec des vols exclusifs, h\u00e9bergement en suite, d\u00e9tente au spa, et plus encore.&#8221; font_container=&#8221;tag:p|font_size:24px|text_align:left|line_height:1.3&#8243; google_fonts=&#8221;font_family:Adamina%3Aregular|font_style:400%20regular%3A400%3Anormal&#8221; css=&#8221;&#8221;][vc_custom_heading text=&#8221;R\u00e9servez votre exp\u00e9rience unique d\u00e8s maintenant !&#8221; font_container=&#8221;tag:p|font_size:24px|text_align:left|line_height:1.3&#8243; google_fonts=&#8221;font_family:Adamina%3Aregular|font_style:400%20regular%3A400%3Anormal&#8221; css=&#8221;&#8221;][\/vc_column][\/vc_row][vc_row][vc_column width=&#8221;1\/2&#8243;][vc_custom_heading text=&#8221;R\u00eave&#8230; <\/p>\n<div class=\"clear\"><\/div>\n<p><a href=\"https:\/\/www.elandalous-marrakech.com\/en\/nos-packs\/pack-mongonlfiere\/\" class=\"excerpt-read-more\">Continue Reading<i class=\"fa fa-long-arrow-right icon-long-arrow-right\"><\/i><\/a><\/p>\n","protected":false},"author":1,"featured_media":0,"parent":23,"menu_order":0,"comment_status":"closed","ping_status":"closed","template":"","meta":{"_acf_changed":false,"footnotes":""},"class_list":["post-2069","page","type-page","status-publish","hentry"],"translation":{"provider":"WPGlobus","version":"3.0.2","language":"en","enabled_languages":["fr","en","ar"],"languages":{"fr":{"title":true,"content":true,"excerpt":false},"en":{"title":false,"content":false,"excerpt":false},"ar":{"title":false,"content":false,"excerpt":false}}},"acf":[],"_links":{"self":[{"href":"https:\/\/www.elandalous-marrakech.com\/en\/wp-json\/wp\/v2\/pages\/2069"}],"collection":[{"href":"https:\/\/www.elandalous-marrakech.com\/en\/wp-json\/wp\/v2\/pages"}],"about":[{"href":"https:\/\/www.elandalous-marrakech.com\/en\/wp-json\/wp\/v2\/types\/page"}],"author":[{"embeddable":true,"href":"https:\/\/www.elandalous-marrakech.com\/en\/wp-json\/wp\/v2\/users\/1"}],"replies":[{"embeddable":true,"href":"https:\/\/www.elandalous-marrakech.com\/en\/wp-json\/wp\/v2\/comments?post=2069"}],"version-history":[{"count":5,"href":"https:\/\/www.elandalous-marrakech.com\/en\/wp-json\/wp\/v2\/pages\/2069\/revisions"}],"predecessor-version":[{"id":2090,"href":"https:\/\/www.elandalous-marrakech.com\/en\/wp-json\/wp\/v2\/pages\/2069\/revisions\/2090"}],"up":[{"embeddable":true,"href":"https:\/\/www.elandalous-marrakech.com\/en\/wp-json\/wp\/v2\/pages\/23"}],"wp:attachment":[{"href":"https:\/\/www.elandalous-marrakech.com\/en\/wp-json\/wp\/v2\/media?parent=2069"}],"curies":[{"name":"wp","href":"https:\/\/api.w.org\/{rel}","templated":true}]}}