{"id":2040,"date":"2024-10-04T16:19:05","date_gmt":"2024-10-04T15:19:05","guid":{"rendered":"https:\/\/www.elandalous-marrakech.com\/?page_id=2040"},"modified":"2024-10-05T12:03:30","modified_gmt":"2024-10-05T11:03:30","slug":"pack-agafay","status":"publish","type":"page","link":"https:\/\/www.elandalous-marrakech.com\/en\/nos-packs\/pack-agafay\/","title":{"rendered":"Pack Agafay"},"content":{"rendered":"<div class=\"wpb-content-wrapper\"><p>[vc_row equal_height=&#8221;yes&#8221; content_placement=&#8221;middle&#8221;][vc_column width=&#8221;1\/2&#8243;][vc_single_image image=&#8221;2055&#8243; img_size=&#8221;large&#8221; alignment=&#8221;center&#8221; css=&#8221;&#8221;][\/vc_column][vc_column width=&#8221;1\/2&#8243;][vc_custom_heading text=&#8221;D\u00e9couvrez nos Packs Agafay exclusifs pour une escapade unique entre Marrakech et le d\u00e9sert !&#8221; font_container=&#8221;tag:p|font_size:24px|text_align:left|line_height:1.3&#8243; google_fonts=&#8221;font_family:Adamina%3Aregular|font_style:400%20regular%3A400%3Anormal&#8221; css=&#8221;&#8221;][vc_custom_heading text=&#8221;Profitez d\u2019un s\u00e9jour combin\u00e9 avec nuit\u00e9es en h\u00f4tel et tente, activit\u00e9s incluses, et plus encore.&#8221; font_container=&#8221;tag:p|font_size:24px|text_align:left|line_height:1.3&#8243; google_fonts=&#8221;font_family:Adamina%3Aregular|font_style:400%20regular%3A400%3Anormal&#8221; css=&#8221;&#8221;][vc_custom_heading text=&#8221;R\u00e9servez d\u00e8s maintenant et vivez une aventure inoubliable !&#8221; font_container=&#8221;tag:p|font_size:24px|text_align:left|line_height:1.3&#8243; google_fonts=&#8221;font_family:Adamina%3Aregular|font_style:400%20regular%3A400%3Anormal&#8221; css=&#8221;&#8221;][\/vc_column][\/vc_row][vc_row][vc_column width=&#8221;1\/2&#8243;][vc_custom_heading text=&#8221;Agafay Discovery&#8221; font_container=&#8221;tag:h3|font_size:42px|text_align:center&#8221; google_fonts=&#8221;font_family:Arvo%3Aregular%2Citalic%2C700%2C700italic|font_style:700%20bold%20regular%3A700%3Anormal&#8221; css=&#8221;&#8221;][vc_empty_space][vc_column_text css=&#8221;&#8221;]<\/p>\n<div class=\"widget_nav_menu\" style=\"font-size: 120%;\">\n<ul>\n<li>Nuit\u00e9 \u00e0 L&#8217;h\u00f4tel el Andalous : Chambre Double en BB (single, double et twin)<\/li>\n<li>10% coupon Las Terrazas<\/li>\n<li>Nuit\u00e9 chez notre partenaire \u00e0 Agafay : Tente Agafay en DP (Petit d\u00e9j &amp; D\u00eener)<\/li>\n<li>D\u00e9jeuner avec acc\u00e8s piscine<\/li>\n<li>Activit\u00e9 ( camel ride )<\/li>\n<li>Transport inclus<\/li>\n<\/ul>\n<\/div>\n<p>[\/vc_column_text][vc_empty_space height=&#8221;74px&#8221;][vc_custom_heading text=&#8221;Total de 2 Pax : 4911 MAD&#8221; font_container=&#8221;tag:p|font_size:36px|text_align:center|color:%235656D7&#8243; google_fonts=&#8221;font_family:Yeseva%20One%3Aregular|font_style:400%20regular%3A400%3Anormal&#8221; css=&#8221;&#8221;][vc_btn title=&#8221;Profiter de l&#8217;offre&#8221; style=&#8221;flat&#8221; color=&#8221;pink&#8221; align=&#8221;center&#8221; css=&#8221;.vc_custom_1728126173940{margin-top: 36px !important;}&#8221; link=&#8221;url:https%3A%2F%2Fwww.elandalous-marrakech.com%2Fnos-packs%2Freservation-pack%2F|title:R%C3%A9servation%20pack&#8221;][\/vc_column][vc_column width=&#8221;1\/2&#8243;][vc_custom_heading text=&#8221;Arabian Night&#8221; font_container=&#8221;tag:h3|font_size:42px|text_align:center&#8221; google_fonts=&#8221;font_family:Arvo%3Aregular%2Citalic%2C700%2C700italic|font_style:700%20bold%20regular%3A700%3Anormal&#8221; css=&#8221;&#8221;][vc_empty_space][vc_column_text css=&#8221;&#8221;]<\/p>\n<div class=\"widget_nav_menu\" style=\"font-size: 120%;\">\n<ul>\n<li>Nuit\u00e9e \u00e0 L\u2019h\u00f4tel El Andalous : Suite en BB<\/li>\n<li>15% coupon Las Terrazas<\/li>\n<li>Nuit\u00e9 chez notre partenaire \u00e0 Agafay<\/li>\n<li>Tente VIP Agafay en DP (Petit d\u00e9j &amp; D\u00eener)<\/li>\n<li>D\u00e9jeuner avec acc\u00e8s piscine<\/li>\n<li>Activit\u00e9 de leur choix<\/li>\n<li>Transport inclus<\/li>\n<\/ul>\n<\/div>\n<p>[\/vc_column_text][vc_empty_space][vc_custom_heading text=&#8221;Total de 2 Pax : 9179 MAD&#8221; font_container=&#8221;tag:p|font_size:36px|text_align:center|color:%235656D7&#8243; google_fonts=&#8221;font_family:Yeseva%20One%3Aregular|font_style:400%20regular%3A400%3Anormal&#8221; css=&#8221;&#8221;][vc_btn title=&#8221;Profiter de l&#8217;offre&#8221; style=&#8221;flat&#8221; color=&#8221;danger&#8221; align=&#8221;center&#8221; css=&#8221;.vc_custom_1728126186236{margin-top: 36px !important;}&#8221; link=&#8221;url:https%3A%2F%2Fwww.elandalous-marrakech.com%2Fnos-packs%2Freservation-pack%2F|title:R%C3%A9servation%20pack&#8221;][\/vc_column][\/vc_row]<\/p>\n<\/div>","protected":false},"excerpt":{"rendered":"<p>[vc_row equal_height=&#8221;yes&#8221; content_placement=&#8221;middle&#8221;][vc_column width=&#8221;1\/2&#8243;][vc_single_image image=&#8221;2055&#8243; img_size=&#8221;large&#8221; alignment=&#8221;center&#8221; css=&#8221;&#8221;][\/vc_column][vc_column width=&#8221;1\/2&#8243;][vc_custom_heading text=&#8221;D\u00e9couvrez nos Packs Agafay exclusifs pour une escapade unique entre Marrakech et le d\u00e9sert !&#8221; font_container=&#8221;tag:p|font_size:24px|text_align:left|line_height:1.3&#8243; google_fonts=&#8221;font_family:Adamina%3Aregular|font_style:400%20regular%3A400%3Anormal&#8221; css=&#8221;&#8221;][vc_custom_heading text=&#8221;Profitez d\u2019un s\u00e9jour combin\u00e9 avec nuit\u00e9es en h\u00f4tel et tente, activit\u00e9s incluses, et plus encore.&#8221; font_container=&#8221;tag:p|font_size:24px|text_align:left|line_height:1.3&#8243; google_fonts=&#8221;font_family:Adamina%3Aregular|font_style:400%20regular%3A400%3Anormal&#8221; css=&#8221;&#8221;][vc_custom_heading text=&#8221;R\u00e9servez d\u00e8s maintenant et vivez une aventure inoubliable !&#8221; font_container=&#8221;tag:p|font_size:24px|text_align:left|line_height:1.3&#8243;&#8230; <\/p>\n<div class=\"clear\"><\/div>\n<p><a href=\"https:\/\/www.elandalous-marrakech.com\/en\/nos-packs\/pack-agafay\/\" class=\"excerpt-read-more\">Continue Reading<i class=\"fa fa-long-arrow-right icon-long-arrow-right\"><\/i><\/a><\/p>\n","protected":false},"author":1,"featured_media":0,"parent":23,"menu_order":0,"comment_status":"closed","ping_status":"closed","template":"","meta":{"_acf_changed":false,"footnotes":""},"class_list":["post-2040","page","type-page","status-publish","hentry"],"translation":{"provider":"WPGlobus","version":"3.0.2","language":"en","enabled_languages":["fr","en","ar"],"languages":{"fr":{"title":true,"content":true,"excerpt":false},"en":{"title":false,"content":false,"excerpt":false},"ar":{"title":false,"content":false,"excerpt":false}}},"acf":[],"_links":{"self":[{"href":"https:\/\/www.elandalous-marrakech.com\/en\/wp-json\/wp\/v2\/pages\/2040"}],"collection":[{"href":"https:\/\/www.elandalous-marrakech.com\/en\/wp-json\/wp\/v2\/pages"}],"about":[{"href":"https:\/\/www.elandalous-marrakech.com\/en\/wp-json\/wp\/v2\/types\/page"}],"author":[{"embeddable":true,"href":"https:\/\/www.elandalous-marrakech.com\/en\/wp-json\/wp\/v2\/users\/1"}],"replies":[{"embeddable":true,"href":"https:\/\/www.elandalous-marrakech.com\/en\/wp-json\/wp\/v2\/comments?post=2040"}],"version-history":[{"count":10,"href":"https:\/\/www.elandalous-marrakech.com\/en\/wp-json\/wp\/v2\/pages\/2040\/revisions"}],"predecessor-version":[{"id":2088,"href":"https:\/\/www.elandalous-marrakech.com\/en\/wp-json\/wp\/v2\/pages\/2040\/revisions\/2088"}],"up":[{"embeddable":true,"href":"https:\/\/www.elandalous-marrakech.com\/en\/wp-json\/wp\/v2\/pages\/23"}],"wp:attachment":[{"href":"https:\/\/www.elandalous-marrakech.com\/en\/wp-json\/wp\/v2\/media?parent=2040"}],"curies":[{"name":"wp","href":"https:\/\/api.w.org\/{rel}","templated":true}]}}