{"id":17,"date":"2016-11-30T14:46:28","date_gmt":"2016-11-30T13:46:28","guid":{"rendered":"http:\/\/www.elandalous-marrakech.com\/?page_id=17"},"modified":"2019-11-04T16:45:56","modified_gmt":"2019-11-04T15:45:56","slug":"mariage","status":"publish","type":"page","link":"https:\/\/www.elandalous-marrakech.com\/en\/mariage\/","title":{"rendered":"Wedding"},"content":{"rendered":"<div class=\"wpb-content-wrapper\"><p>[vc_row css=&#8221;.vc_custom_1482227041945{margin-top: -55px !important;}&#8221;][vc_column]\n\t\t\t<!-- START Mariage Slider REVOLUTION SLIDER 6.7.18 --><p class=\"rs-p-wp-fix\"><\/p>\n\t\t\t<rs-module-wrap id=\"rev_slider_3_1_wrapper\" data-source=\"gallery\" style=\"visibility:hidden;background:transparent;padding:0;margin:0px auto;margin-top:0;margin-bottom:0;\">\n\t\t\t\t<rs-module id=\"rev_slider_3_1\" style=\"\" data-version=\"6.7.18\">\n\t\t\t\t\t<rs-slides style=\"overflow: hidden; position: absolute;\">\n\t\t\t\t\t\t<rs-slide style=\"position: absolute;\" data-key=\"rs-51\" data-title=\"Salle Mariage Hotel El Andalous\" data-thumb=\"\/\/www.elandalous-marrakech.com\/wp-content\/uploads\/2019\/07\/hotel-el-andalous-salle-mariage-al-majliss-100x50.jpg\" data-duration=\"3000\" data-anim=\"adpr:false;\">\n\t\t\t\t\t\t\t<img decoding=\"async\" src=\"\/\/www.elandalous-marrakech.com\/wp-content\/plugins\/revslider\/sr6\/assets\/assets\/dummy.png\" alt=\"\" title=\"Wedding\" class=\"rev-slidebg tp-rs-img rs-lazyload\" data-lazyload=\"\/\/www.elandalous-marrakech.com\/wp-content\/uploads\/2019\/07\/hotel-el-andalous-salle-mariage-al-majliss.jpg\" data-bg=\"p:center top;\" data-parallax=\"off\" data-no-retina>\n<!--\n\t\t\t\t\t\t\t--><rs-layer\n\t\t\t\t\t\t\t\tid=\"slider-3-slide-51-layer-3\" \n\t\t\t\t\t\t\t\tdata-type=\"image\"\n\t\t\t\t\t\t\t\tdata-rsp_ch=\"on\"\n\t\t\t\t\t\t\t\tdata-xy=\"x:c;y:m;\"\n\t\t\t\t\t\t\t\tdata-text=\"l:22;a:inherit;\"\n\t\t\t\t\t\t\t\tdata-dim=\"w:[&#039;234px&#039;,&#039;234px&#039;,&#039;234px&#039;,&#039;234px&#039;];h:[&#039;205px&#039;,&#039;205px&#039;,&#039;205px&#039;,&#039;205px&#039;];\"\n\t\t\t\t\t\t\t\tdata-frame_0=\"y:-100%;o:1;tp:600;\"\n\t\t\t\t\t\t\t\tdata-frame_0_mask=\"u:t;\"\n\t\t\t\t\t\t\t\tdata-frame_1=\"tp:600;sp:1530;sR:10;\"\n\t\t\t\t\t\t\t\tdata-frame_1_mask=\"u:t;\"\n\t\t\t\t\t\t\t\tdata-frame_999=\"y:100%;tp:600;e:nothing;st:w;sp:530;sR:1460;\"\n\t\t\t\t\t\t\t\tdata-frame_999_mask=\"u:t;\"\n\t\t\t\t\t\t\t\tstyle=\"z-index:5;background-color:rgba(0,0,0,0.5);\"\n\t\t\t\t\t\t\t><img decoding=\"async\" src=\"\/\/www.elandalous-marrakech.com\/wp-content\/plugins\/revslider\/sr6\/assets\/assets\/dummy.png\" alt=\"\" class=\"tp-rs-img rs-lazyload\" width=\"1000\" height=\"876\" data-lazyload=\"\/\/www.elandalous-marrakech.com\/wp-content\/uploads\/2019\/07\/al-majliss.png\" data-no-retina> \n\t\t\t\t\t\t\t<\/rs-layer><!--\n\n\t\t\t\t\t\t\t--><rs-layer\n\t\t\t\t\t\t\t\tid=\"slider-3-slide-51-layer-5\" \n\t\t\t\t\t\t\t\tdata-type=\"text\"\n\t\t\t\t\t\t\t\tdata-rsp_ch=\"on\"\n\t\t\t\t\t\t\t\tdata-xy=\"x:c;xo:-2px,-1px,-1px,7px;y:b;yo:106px,55px,55px,20px;\"\n\t\t\t\t\t\t\t\tdata-text=\"s:20,30,30,20;l:22,36,36,22;a:inherit;\"\n\t\t\t\t\t\t\t\tdata-padding=\"t:20,20,20,0;r:20,20,20,0;b:20,20,20,0;l:20,20,20,0;\"\n\t\t\t\t\t\t\t\tdata-frame_0=\"tp:600;\"\n\t\t\t\t\t\t\t\tdata-frame_1=\"tp:600;sR:10;\"\n\t\t\t\t\t\t\t\tdata-frame_999=\"o:0;tp:600;st:w;sR:2690;\"\n\t\t\t\t\t\t\t\tstyle=\"z-index:6;background-color:rgba(0,0,0,0.5);font-family:'Open Sans';\"\n\t\t\t\t\t\t\t><div id=\"adresse_mariage\">\nAvenue Pr\u00e9sident Kennedy, Hivernage, Marrakech<\/div> \n\t\t\t\t\t\t\t<\/rs-layer><!--\n-->\t\t\t\t\t<\/rs-slide>\n\t\t\t\t\t\t<rs-slide style=\"position: absolute;\" data-key=\"rs-50\" data-title=\"Mariage Marrakech\" data-thumb=\"\/\/www.elandalous-marrakech.com\/wp-content\/uploads\/2017\/03\/rose-100x50.jpg\" data-anim=\"adpr:false;\">\n\t\t\t\t\t\t\t<img decoding=\"async\" src=\"\/\/www.elandalous-marrakech.com\/wp-content\/plugins\/revslider\/sr6\/assets\/assets\/dummy.png\" alt=\"\" title=\"Wedding\" class=\"rev-slidebg tp-rs-img rs-lazyload\" data-lazyload=\"\/\/www.elandalous-marrakech.com\/wp-content\/uploads\/2017\/03\/rose.jpg\" data-parallax=\"off\" data-no-retina>\n<!--\n\t\t\t\t\t\t\t--><rs-layer\n\t\t\t\t\t\t\t\tid=\"slider-3-slide-50-layer-1\" \n\t\t\t\t\t\t\t\tdata-type=\"text\"\n\t\t\t\t\t\t\t\tdata-rsp_ch=\"on\"\n\t\t\t\t\t\t\t\tdata-xy=\"xo:629px,504px,169px,86px;yo:237px,233px,301px,254px;\"\n\t\t\t\t\t\t\t\tdata-text=\"l:22;a:inherit;\"\n\t\t\t\t\t\t\t\tdata-margin=\"t:0px,0px,0px,0;\"\n\t\t\t\t\t\t\t\tdata-padding=\"t:10,10,10,0;r:30,15,15,0;b:20,20,20,0;l:15,15,15,0;\"\n\t\t\t\t\t\t\t\tdata-frame_0=\"y:bottom;sX:2;sY:2;o:1;rZ:90deg;tp:600;\"\n\t\t\t\t\t\t\t\tdata-frame_1=\"tp:600;sp:1500;sR:10;\"\n\t\t\t\t\t\t\t\tdata-frame_999=\"sX:0.7;sY:0.7;o:0;rZ:0deg;tp:600;e:back.in;st:w;sp:500;sR:1490;\"\n\t\t\t\t\t\t\t\tdata-frame_999_mask=\"u:t;\"\n\t\t\t\t\t\t\t\tstyle=\"z-index:5;background-color:rgba(0,0,0,0.5);font-family:'Open Sans';\"\n\t\t\t\t\t\t\t><h2 class=\"title_slider\">Un mariage \u00e0 Marrakech<\/h2><p class=\"p-slider\">La ville la plus romantique du monde vous attend<\/p>\n<a class=\"lightbox-link a_slider\" href=\"\/wp-content\/uploads\/2016\/12\/DSC2423.jpg\" rel=\"cq-pinterst-5\" data-rel=\"fancybox\">D\u00e9couvrez notre galerie photo ><\/a> \n\t\t\t\t\t\t\t<\/rs-layer><!--\n\n\t\t\t\t\t\t\t--><rs-layer\n\t\t\t\t\t\t\t\tid=\"slider-3-slide-50-layer-6\" \n\t\t\t\t\t\t\t\tdata-type=\"image\"\n\t\t\t\t\t\t\t\tdata-rsp_ch=\"on\"\n\t\t\t\t\t\t\t\tdata-xy=\"xo:85px,85px,225px,127px;yo:207px,207px,23px,30px;\"\n\t\t\t\t\t\t\t\tdata-text=\"l:22;a:inherit;\"\n\t\t\t\t\t\t\t\tdata-dim=\"w:[&#039;234px&#039;,&#039;234px&#039;,&#039;234px&#039;,&#039;234px&#039;];h:[&#039;205px&#039;,&#039;205px&#039;,&#039;205px&#039;,&#039;205px&#039;];\"\n\t\t\t\t\t\t\t\tdata-frame_0=\"y:-100%;o:1;tp:600;\"\n\t\t\t\t\t\t\t\tdata-frame_0_mask=\"u:t;\"\n\t\t\t\t\t\t\t\tdata-frame_1=\"tp:600;sp:1500;sR:10;\"\n\t\t\t\t\t\t\t\tdata-frame_1_mask=\"u:t;\"\n\t\t\t\t\t\t\t\tdata-frame_999=\"y:100%;tp:600;e:nothing;st:w;sp:500;sR:1490;\"\n\t\t\t\t\t\t\t\tdata-frame_999_mask=\"u:t;\"\n\t\t\t\t\t\t\t\tstyle=\"z-index:6;\"\n\t\t\t\t\t\t\t><img decoding=\"async\" src=\"\/\/www.elandalous-marrakech.com\/wp-content\/plugins\/revslider\/sr6\/assets\/assets\/dummy.png\" alt=\"\" class=\"tp-rs-img rs-lazyload\" width=\"300\" height=\"263\" data-lazyload=\"\/\/www.elandalous-marrakech.com\/wp-content\/uploads\/2016\/11\/almajliss-salle-de-mariage-logo.png\" data-no-retina> \n\t\t\t\t\t\t\t<\/rs-layer><!--\n-->\t\t\t\t\t<\/rs-slide>\n\t\t\t\t\t<\/rs-slides>\n\t\t\t\t<\/rs-module>\n\t\t\t\t<script>\n\t\t\t\t\tsetREVStartSize({c: 'rev_slider_3_1',rl:[1240,1024,778,480],el:[],gw:[1300,1024,778,480],gh:[600,600,500,400],type:'standard',justify:'',layout:'fullwidth',mh:\"0\"});if (window.RS_MODULES!==undefined && window.RS_MODULES.modules!==undefined && window.RS_MODULES.modules[\"revslider31\"]!==undefined) {window.RS_MODULES.modules[\"revslider31\"].once = false;window.revapi3 = undefined;if (window.RS_MODULES.checkMinimal!==undefined) window.RS_MODULES.checkMinimal()}\n\t\t\t\t<\/script>\n\t\t\t<\/rs-module-wrap>\n\t\t\t<!-- END REVOLUTION SLIDER -->\n[\/vc_column][\/vc_row][vc_row css=&#8221;.vc_custom_1489078130067{margin-top: 20px !important;}&#8221; el_class=&#8221;text_mariage_almajlis&#8221;][vc_column width=&#8221;1\/3&#8243;][vc_raw_html]JTNDaDElMjBjbGFzcyUzRCUyMmJpZ190aXRsZSUyMiUzRVRoZSUyMHdlZGRpbmclMjBoYWxsJTIwQUwlMjBNQUpMSVNTJTIwaXMlMjBhJTIwc2VydmljZSUyMG9mJTIwbW9yZSUyMHRoYW4lMjB0aGUlMjBob3RlbCUyMEVMJTIwQU5EQUxPVVMlMjAlMjYlMjBTUEEuJTNDJTJGaDElM0U=[\/vc_raw_html][\/vc_column][vc_column width=&#8221;1\/3&#8243; css=&#8221;.vc_custom_1489066425631{margin-top: 30px !important;}&#8221;][vc_column_text]We offer you all the amenities, a luxurious bridal room, a space of 1000 m\u00b2 that we put at your disposal and a team of professionals, to make this day an unforgettable event and creative moments of emotions engraved.<\/p>\n<p>Ideally located in the heart of the Hivernage, with a capacity of up to 500 people, the Al Majliss room is the utopian place where your dreams come true.[\/vc_column_text][\/vc_column][vc_column width=&#8221;1\/3&#8243; el_class=&#8221;div_border_left &#8220;][vc_raw_html]JTNDaDIlMjBjbGFzcyUzRCUyMmJpZ190aXRsZSUyMiUyMHN0eWxlJTNEJTIyZm9udC1zaXplJTNBNTBweCUzQmZvbnQtZmFtaWx5JTNBaW5kdXN0cmlhbDczNl9idGl0YWxpYyUyQ0dhcmFtb25kJTJDJTI3SG9lZmxlciUyMFRleHQlMjclMkMlMjdUaW1lcyUyME5ldyUyMFJvbWFuJTI3JTJDVGltZXMlMkNzZXJpZiUzQiUyMiUzRUNvbnRhY3QlM0MlMkZoMiUzRSUwQSUwQSUzQ3AlM0VPdXIlMjB3ZWRkaW5nJTIwYWR2aXNlcnMlM0MlMkZwJTNFJTBBJTNDc3BhbiUyMGNsYXNzJTNEJTIyZ2x5cGhpY29uJTIwZ2x5cGhpY29uLXBob25lLWFsdCUyMiUyMGFyaWEtaGlkZGVuJTNEJTIydHJ1ZSUyMiUzRSUzQyUyRnNwYW4lM0UlMjAlMjgyMTIlMjklMjAwJTIwNTI0JTIwNDQlMjA4MiUyMDI2JTNDYnIlMkYlM0UlM0NiciUyRiUzRSUwQSUzQ2ElMjBjbGFzcyUzRCUyMmZhbmN5LWZvcm0tbWFyaWFnZSUyMiUyMHRpdGxlJTNEJTIyJTIyJTIwaHJlZiUzRCUyMiUyRmRldmlzLW1hcmlhZ2UlMkYlMjIlMjB0YXJnZXQlM0QlMjIlMjIlM0UlM0NzcGFuJTIwY2xhc3MlM0QlMjJ0eHQlMjIlM0VSZXF1ZXN0JTIwYSUyMHF1aWNrJTIwcXVvdGUlM0MlMkZzcGFuJTNFJTNDJTJGYSUzRQ==[\/vc_raw_html][\/vc_column][\/vc_row][vc_row][vc_column]<div class=\"cq-buttoncontainer  text_aligne\"><div class=\"animatetype-1\"><div><a href=\"http:\/\/www.elandalousevents.com\/salle-de-mariage\/\" title=\"\" target=\"_blank\" style=\"color:#ffffff;background-color:#2b8555;\" class=\"btn cqbtn-3\"><span class=\"txt\">Please visit our website Al MAJLISS<\/span><span class=\"round\"><i style=\"margin-top:-9px;margin-left:-9px;\" class=\"fa fa-arrow-right\"><\/i><\/span><\/a><\/div><\/div><\/div>[vc_empty_space height=&#8221;40px&#8221;][\/vc_column][\/vc_row][vc_row][vc_column]<div class=\"wpb_wrapper\" style=\"margin-bottom:35px;\">\n\t\t\t\t\t\t<div class=\"wpb_raw_code wpb_content_element wpb_raw_html vc_custom_1481208820996\">\n\t\t\t\t\t\t\t<div class=\"wpb_wrapper\">\n\t\t\t\t\t\t\t\t<h1 class=\"big_title\" style=\"text-align:center;\">Wedding Photo Gallery<\/h1>\n\t\t\t\t\t\t\t<\/div>\n\t\t\t\t\t\t<\/div>\n\t\t\t\t\t   <div class=\"cq-hr cq-hr-rounded\" data-bgcolor=\"#ffffff\" data-fontcolor=\"#e3b647\" data-shape=\"rounded\" data-borderstyle=\"solid\" data-bordercolor=\"#e3b647\" data-centerbordercolor=\"\" data-leftcolor=\"\" data-centercolor=\"\" data-rightcolor=\"\" data-elementwidth=\"40%\" data-bordersize=\"1px\" data-fontsize=\"1em\" data-titleposition=\"50%\" data-titlewidth=\"\" data-borderradius=\"4px\" data-padding=\"\" data-fontfamily=\"\" data-margin=\"10px auto\" style=\"margin: 10px auto; width: 40%; border-bottom: 1px solid rgb(227, 182, 71);\">\n\t\t\t\t\t\t   <div class=\"cq-hr-icon-container\" style=\"left: 50%;\">\n\t\t\t\t\t\t\t\t<i style=\"font-size: 1em; color: rgb(227, 182, 71); border-radius: 4px; background-color: rgb(255, 255, 255); border-style: solid; border-color: transparent;\" class=\"cq-hr-symbol fa fa-star\"><\/i>\n\t\t\t\t\t\t   <\/div>\n\t\t\t\t\t   <\/div>\n\t\t\t\t<\/div>[\/vc_column][\/vc_row][vc_row full_width=&#8221;stretch_row_content_no_spaces&#8221;][vc_column]<ul class='pinterest-container div_global_img_gallery' data-onclick='link_image' data-itemwidth='240' data-minwidth='240' data-offset='1' data-outeroffset='0' data-id='532' data-imagesload='off'>\n\t\t\t\t<div class='col-md-5 first_img_gallery'>\n\t\t\t\t\t<li style='list-style:none;' >\n\t\t\t\t\t\t<a href='\/wp-content\/uploads\/2019\/07\/hotel-el-andalous-salle-mariage-al-majliss.jpg' class='lightbox-link' rel='cq-pinterst-5' >\n\t\t\t\t\t\t\t<img src='\/wp-content\/uploads\/2019\/07\/hotel-el-andalous-salle-mariage-al-majliss.jpg' \/>\n\t\t\t\t\t\t<\/a>\n\t\t\t\t\t<\/li>\n\t\t\t\t<\/div>\t\n\t\t\t\t<div class='col-md-7 tree_img_gallery'><li style='list-style:none;' class='col-md-4'>\n\t\t\t\t\t\t<a href='\/wp-content\/uploads\/2019\/07\/almajliss_salle_mariage_hotel_el_andalous-edit.jpg' class='lightbox-link' rel='cq-pinterst-5'>\n\t\t\t\t\t\t\t<img src='\/wp-content\/uploads\/2019\/07\/almajliss_salle_mariage_hotel_el_andalous-edit.jpg' \/>\n\t\t\t\t\t\t<\/a>\n\t\t\t\t\t<\/li><li style='list-style:none;' class='col-md-4'>\n\t\t\t\t\t\t<a href='\/wp-content\/uploads\/2019\/07\/hotel-el-andalous-marrakech-al-majliss-version1.jpg' class='lightbox-link' rel='cq-pinterst-5'>\n\t\t\t\t\t\t\t<img src='\/wp-content\/uploads\/2019\/07\/hotel-el-andalous-marrakech-al-majliss-version1.jpg' \/>\n\t\t\t\t\t\t<\/a>\n\t\t\t\t\t<\/li><li style='list-style:none;' class='col-md-4'>\n\t\t\t\t\t\t<a href='\/wp-content\/uploads\/2019\/07\/hotel-el-andalous-marrakech-al-majliss-version2.jpg' class='lightbox-link' rel='cq-pinterst-5'>\n\t\t\t\t\t\t\t<img src='\/wp-content\/uploads\/2019\/07\/hotel-el-andalous-marrakech-al-majliss-version2.jpg' \/>\n\t\t\t\t\t\t<\/a>\n\t\t\t\t\t<\/li><li style='list-style:none;' class='col-md-4'>\n\t\t\t\t\t\t<a href='\/wp-content\/uploads\/2019\/07\/hotel-el-andalous-marrakech-al-majliss-version3.jpg' class='lightbox-link' rel='cq-pinterst-5'>\n\t\t\t\t\t\t\t<img src='\/wp-content\/uploads\/2019\/07\/hotel-el-andalous-marrakech-al-majliss-version3.jpg' \/>\n\t\t\t\t\t\t<\/a>\n\t\t\t\t\t<\/li><li style='list-style:none;' class='col-md-4'>\n\t\t\t\t\t\t<a href='\/wp-content\/uploads\/2019\/07\/hotel-el-andalous-marrakech-al-majliss-version4.jpg' class='lightbox-link' rel='cq-pinterst-5'>\n\t\t\t\t\t\t\t<img src='\/wp-content\/uploads\/2019\/07\/hotel-el-andalous-marrakech-al-majliss-version4.jpg' width='240' height='131' \/>\n\t\t\t\t\t\t<\/a>\n\t\t\t\t\t<\/li><li style='list-style:none;' class='col-md-4  more'>\n\t\t\t\t\t\t<a href='\/wp-content\/uploads\/2019\/07\/hotel-el-andalous-marrakech-al-majliss-version5.jpg' class='lightbox-link' rel='cq-pinterst-5'>\n\t\t\t\t\t\t\t<img src='\/wp-content\/uploads\/2019\/07\/hotel-el-andalous-marrakech-al-majliss-version5.jpg' \/>\n\t\t\t\t\t\t\t<span><p>View more<\/p><\/span>\n\t\t\t\t\t\t<\/a>\n\t\t\t\t\t\t\n\t\t\t\t\t<\/li><\/div>\n\t\t\t\t<div class='no_show'><li style='list-style:none;' class='col-md-2'>\n\t\t\t\t\t\t<a href='\/wp-content\/uploads\/2019\/07\/hotel-el-andalous-marrakech-al-majliss-version12.jpg' class='lightbox-link' rel='cq-pinterst-5' title='Un moment inoubliable \u00e0 El Andalous'>\n\t\t\t\t\t\t\t<img src='\/wp-content\/uploads\/2019\/07\/hotel-el-andalous-marrakech-al-majliss-version12.jpg' \/>\n\t\t\t\t\t\t<\/a>\n\t\t\t\t\t<\/li><li style='list-style:none;' class='col-md-2'>\n\t\t\t\t\t\t<a href='\/wp-content\/uploads\/2019\/07\/hotel-el-andalous-marrakech-al-majliss-version11.jpg' class='lightbox-link' rel='cq-pinterst-5' title=''>\n\t\t\t\t\t\t\t<img src='\/wp-content\/uploads\/2019\/07\/hotel-el-andalous-marrakech-al-majliss-version11.jpg' \/>\n\t\t\t\t\t\t<\/a>\n\t\t\t\t\t<\/li><li style='list-style:none;' class='col-md-2'>\n\t\t\t\t\t\t<a href='\/wp-content\/uploads\/2019\/07\/almajliss-salle-reception-mariage.jpg' class='lightbox-link' rel='cq-pinterst-5' title='C\u00e9l\u00e9brations \u00e0 El Andalous'>\n\t\t\t\t\t\t\t<img src='\/wp-content\/uploads\/2019\/07\/almajliss-salle-reception-mariage.jpg' \/>\n\t\t\t\t\t\t<\/a>\n\t\t\t\t\t<\/li><li style='list-style:none;' class='col-md-2'>\n\t\t\t\t\t\t<a href='\/wp-content\/uploads\/2017\/02\/elandalous-hotel-mariage.jpg' class='lightbox-link' rel='cq-pinterst-5' title=''>\n\t\t\t\t\t\t\t<img src='\/wp-content\/uploads\/2017\/02\/elandalous-hotel-mariage.jpg' \/>\n\t\t\t\t\t\t<\/a>\n\t\t\t\t\t<\/li><li style='list-style:none;' class='col-md-2'>\n\t\t\t\t\t\t<a href='\/wp-content\/uploads\/2016\/12\/DSC2436.jpg' class='lightbox-link' rel='cq-pinterst-5' title=''>\n\t\t\t\t\t\t\t<img src='\/wp-content\/uploads\/2016\/12\/DSC2436.jpg' \/>\n\t\t\t\t\t\t<\/a>\n\t\t\t\t\t<\/li><li style='list-style:none;' class='col-md-2'>\n\t\t\t\t\t\t<a href='\/wp-content\/uploads\/2016\/12\/DSC2387.jpg' class='lightbox-link' rel='cq-pinterst-5' title=''>\n\t\t\t\t\t\t\t<img src='\/wp-content\/uploads\/2016\/12\/DSC2387.jpg' \/>\n\t\t\t\t\t\t<\/a>\n\t\t\t\t\t<\/li><li style='list-style:none;' class='col-md-2'>\n\t\t\t\t\t\t<a href='\/wp-content\/uploads\/2016\/12\/DSC1334.jpg' class='lightbox-link' rel='cq-pinterst-5' title=''>\n\t\t\t\t\t\t\t<img src='\/wp-content\/uploads\/2016\/12\/DSC1334.jpg' \/>\n\t\t\t\t\t\t<\/a>\n\t\t\t\t\t<\/li><li style='list-style:none;' class='col-md-2'>\n\t\t\t\t\t\t<a href='\/wp-content\/uploads\/2019\/07\/almajliss_mariage_salle_f\u00eates.jpg' class='lightbox-link' rel='cq-pinterst-5' title=''>\n\t\t\t\t\t\t\t<img src='\/wp-content\/uploads\/2019\/07\/almajliss_mariage_salle_f\u00eates.jpg' \/>\n\t\t\t\t\t\t<\/a>\n\t\t\t\t\t<\/li><li style='list-style:none;' class='col-md-2'>\n\t\t\t\t\t\t<a href='\/wp-content\/uploads\/2016\/12\/Hotel-El-Andalous_Ball-room.jpg' class='lightbox-link' rel='cq-pinterst-5' title=''>\n\t\t\t\t\t\t\t<img src='\/wp-content\/uploads\/2016\/12\/Hotel-El-Andalous_Ball-room.jpg' \/>\n\t\t\t\t\t\t<\/a>\n\t\t\t\t\t<\/li><li style='list-style:none;' class='col-md-2'>\n\t\t\t\t\t\t<a href='\/wp-content\/uploads\/2017\/02\/hotel-elandalous-mariage.jpg' class='lightbox-link' rel='cq-pinterst-5' title=''>\n\t\t\t\t\t\t\t<img src='\/wp-content\/uploads\/2017\/02\/hotel-elandalous-mariage.jpg' \/>\n\t\t\t\t\t\t<\/a>\n\t\t\t\t\t<\/li><\/div>\t\n\t\t\t\t<div class='clear'><\/div>\n\t\t\t\t<\/ul>[\/vc_column][\/vc_row][vc_row el_class=&#8221;display_none&#8221;][vc_column]<div class=\"cq-hr cq-hr-rounded\" data-bgcolor=\"#333333\" data-fontcolor=\"#ffffff\" data-shape=\"rounded\" data-borderstyle=\"solid\" data-bordercolor=\"#333\" data-centerbordercolor=\"\" data-leftcolor=\"\" data-centercolor=\"\" data-rightcolor=\"\" data-elementwidth=\"100%\" data-bordersize=\"1px\" data-fontsize=\"1em\" data-titleposition=\"50%\" data-titlewidth=\"\" data-borderradius=\"4px\" data-padding=\"\" data-fontfamily=\"\" data-margin=\"\"><div class=\"cq-hr-icon-container\"><i style=\"\" class=\"cq-hr-symbol\">Title<\/i><\/div><\/div>[\/vc_column][\/vc_row]<\/p>\n<\/div>","protected":false},"excerpt":{"rendered":"<p>[vc_row css=&#8221;.vc_custom_1482227041945{margin-top: -55px !important;}&#8221;][vc_column][\/vc_column][\/vc_row][vc_row css=&#8221;.vc_custom_1489078130067{margin-top: 20px !important;}&#8221; el_class=&#8221;text_mariage_almajlis&#8221;][vc_column width=&#8221;1\/3&#8243;][vc_raw_html]JTNDaDElMjBjbGFzcyUzRCUyMmJpZ190aXRsZSUyMiUzRVRoZSUyMHdlZGRpbmclMjBoYWxsJTIwQUwlMjBNQUpMSVNTJTIwaXMlMjBhJTIwc2VydmljZSUyMG9mJTIwbW9yZSUyMHRoYW4lMjB0aGUlMjBob3RlbCUyMEVMJTIwQU5EQUxPVVMlMjAlMjYlMjBTUEEuJTNDJTJGaDElM0U=[\/vc_raw_html][\/vc_column][vc_column width=&#8221;1\/3&#8243; css=&#8221;.vc_custom_1489066425631{margin-top: 30px !important;}&#8221;][vc_column_text]We offer you all the amenities, a luxurious bridal room, a space of 1000 m\u00b2 that we put at your disposal and a team of professionals, to make this day an unforgettable event and creative moments of emotions engraved. Ideally located in the&#8230; <\/p>\n<div class=\"clear\"><\/div>\n<p><a href=\"https:\/\/www.elandalous-marrakech.com\/en\/mariage\/\" class=\"excerpt-read-more\">Continue Reading<i class=\"fa fa-long-arrow-right icon-long-arrow-right\"><\/i><\/a><\/p>\n","protected":false},"author":1,"featured_media":0,"parent":0,"menu_order":0,"comment_status":"closed","ping_status":"closed","template":"","meta":{"_acf_changed":false,"footnotes":""},"class_list":["post-17","page","type-page","status-publish","hentry"],"translation":{"provider":"WPGlobus","version":"3.0.2","language":"en","enabled_languages":["fr","en","ar"],"languages":{"fr":{"title":true,"content":true,"excerpt":false},"en":{"title":true,"content":true,"excerpt":false},"ar":{"title":true,"content":true,"excerpt":false}}},"acf":[],"_links":{"self":[{"href":"https:\/\/www.elandalous-marrakech.com\/en\/wp-json\/wp\/v2\/pages\/17"}],"collection":[{"href":"https:\/\/www.elandalous-marrakech.com\/en\/wp-json\/wp\/v2\/pages"}],"about":[{"href":"https:\/\/www.elandalous-marrakech.com\/en\/wp-json\/wp\/v2\/types\/page"}],"author":[{"embeddable":true,"href":"https:\/\/www.elandalous-marrakech.com\/en\/wp-json\/wp\/v2\/users\/1"}],"replies":[{"embeddable":true,"href":"https:\/\/www.elandalous-marrakech.com\/en\/wp-json\/wp\/v2\/comments?post=17"}],"version-history":[{"count":11,"href":"https:\/\/www.elandalous-marrakech.com\/en\/wp-json\/wp\/v2\/pages\/17\/revisions"}],"predecessor-version":[{"id":1902,"href":"https:\/\/www.elandalous-marrakech.com\/en\/wp-json\/wp\/v2\/pages\/17\/revisions\/1902"}],"wp:attachment":[{"href":"https:\/\/www.elandalous-marrakech.com\/en\/wp-json\/wp\/v2\/media?parent=17"}],"curies":[{"name":"wp","href":"https:\/\/api.w.org\/{rel}","templated":true}]}}