{"id":1320,"date":"2017-10-02T12:29:03","date_gmt":"2017-10-02T11:29:03","guid":{"rendered":"http:\/\/www.elandalous-marrakech.com\/?page_id=1320"},"modified":"2026-05-12T12:26:18","modified_gmt":"2026-05-12T11:26:18","slug":"hotel-services","status":"publish","type":"page","link":"https:\/\/www.elandalous-marrakech.com\/en\/hotel-services\/","title":{"rendered":"H\u00f4tel Services"},"content":{"rendered":"<div class=\"wpb-content-wrapper\"><p>[vc_row css=&#8221;.vc_custom_1506943977975{margin-top: -55px !important;}&#8221;][vc_column][rev_slider_vc alias=&#8221;hotel-service&#8221;][\/vc_column][\/vc_row][vc_row][vc_column width=&#8221;2\/3&#8243;][vc_column_text]<\/p>\n<h2 class=\"big_title\" style=\"font-size: 50px; font-family: industrial736_btitalic,Garamond,'Hoefler Text','Times New Roman',Times,serif;\">H\u00f4tel El Andalous<\/h2>\n<p>[\/vc_column_text][\/vc_column][vc_column width=&#8221;1\/3&#8243;][vc_column_text]<\/p>\n<h2 class=\"big_title\" style=\"font-size: 50px; font-family: industrial736_btitalic,Garamond,'Hoefler Text','Times New Roman',Times,serif;\">Contact<\/h2>\n<p>[\/vc_column_text][\/vc_column][\/vc_row][vc_row][vc_column width=&#8221;1\/3&#8243;][vc_column_text]L\u2019h\u00f4tel El Andalous porte bien son nom. Par son architecture spacieuse, sa d\u00e9coration mauresque, ses jardins verdoyants, il \u00e9voque l\u2019\u00e2ge d\u2019or de la culture arabo-andalouse, riche en exotisme et en romantisme.[\/vc_column_text][\/vc_column][vc_column width=&#8221;1\/3&#8243;][vc_column_text]Cet h\u00f4tel distingu\u00e9 s\u2019ouvre sur un jardin paysag\u00e9 de 7000 m2, havre de fra\u00eecheur, de senteurs et de couleurs, id\u00e9al pour m\u00e9diter \u00e0 l\u2019ombre d\u2019un palmier ou r\u00eaver sous une nuit \u00e9toil\u00e9e.[\/vc_column_text][\/vc_column][vc_column width=&#8221;1\/3&#8243; el_class=&#8221;div_border_left&#8221;][vc_column_text]<a style=\"color: #222222;\" href=\"\/nous-contacter\/\" target=\"_blank\" rel=\"noopener\">Contactez nous par email &gt;&gt;<\/a><\/p>\n<p>+(212) 0 524 44 82 26<br \/>\n+(212) 0 524 44 71 95[\/vc_column_text][\/vc_column][\/vc_row][vc_row css=&#8221;.vc_custom_1506945826978{background-color: #f4f4f4 !important;}&#8221;][vc_column width=&#8221;1\/2&#8243;][vc_single_image image=&#8221;1250&#8243; img_size=&#8221;344&#215;368&#8243; alignment=&#8221;center&#8221;][\/vc_column][vc_column width=&#8221;1\/2&#8243;][vc_column_text]<\/p>\n<h4 style=\"font-size: 28px; font-family: industrial736_btitalic,Garamond,'Hoefler Text','Times New Roman',Times,serif;\">L\u2019h\u00f4tel El Andalous dispose de plusieurs restaurants, bars et Lounges proposant chacun un th\u00e8me et une ambiance diff\u00e9rente :<\/h4>\n<p>[\/vc_column_text][vc_separator color=&#8221;black&#8221; align=&#8221;align_left&#8221; el_width=&#8221;10&#8243;][vc_column_text]<\/p>\n<ul>\n<li><strong><em>LA CASA RESTAURANT LOUNGE CLUB<\/em><\/strong>: Cuisine du monde, live music, DJ\u2019s et spectacles. Ouvert tous les soirs\u00a0 de 20h00 jusqu\u2019\u00e0 4h00 du matin.<\/li>\n<li><strong><em>ICHBILIA ORIENTAL LOUNGE &amp; BAR<\/em><\/strong>: Musique oriental, Rai,\u2026 Cuisine snacking, pizzas, \u2026 Ouvert tous les soirs de 10h00 \u00e0 1h00 matin.<\/li>\n<li><strong><em>LA TERRASSE by LA CASA<\/em><\/strong>: la terrasse piscine de l\u2019h\u00f4tel se transforme le soir en un coin cosy avec musique lounge, la carte by LA CASA.<\/li>\n<li><strong><em>AL AMIRIA<\/em><\/strong> Restaurant Marocain proposant une bonne s\u00e9lection de plats et de vins Marocains.<\/li>\n<li><strong><em>LE LOBBY<\/em><\/strong>: vous pouvez toujours prendre votre boisson pr\u00e9f\u00e9r\u00e9e\u00a0 au lobby de l\u2019h\u00f4tel<\/li>\n<\/ul>\n<p>[\/vc_column_text][\/vc_column][\/vc_row][vc_row css=&#8221;.vc_custom_1506945826978{background-color: #f4f4f4 !important;}&#8221;][vc_column width=&#8221;1\/2&#8243;][vc_column_text]<\/p>\n<ul>\n<li><strong>Les petits d\u00e9jeuners<\/strong> sont servis sous forme de buffets tous les jours au restaurant <strong><em>CORDOBA<\/em><\/strong> \u00e0 partir de 06h30 jusqu\u2019\u00e0 10h00 du matin.<\/li>\n<li><strong>Les d\u00e9jeuners<\/strong> sont servis sous forme d\u2019un menu \u00e0 th\u00e8me au <strong><em>Restaurant<\/em><\/strong> <strong><em>CORDOBA<\/em><\/strong> et ceci de 12h30 \u00e0 15h00. Vous pouvez \u00e9galement commander \u00e0 la carte et profiter de notre piscine jardin au snack <strong><em>le PALMIER<\/em><\/strong> ouvert \u00ab\u00a0Saisonnier\u00a0\u00bb de 11h00 \u00e0 19h00.<\/li>\n<li><strong>Le d\u00eener<\/strong> est servi sous forme de menus ou buffets \u00e0 th\u00e8me au <strong><em>Restaurant CORDOBA<\/em><\/strong> et ceci tous les jours de 19h30 \u00e0 22h30. Vous pouvez \u00e9galement commander \u00e0 la carte et profiter de notre cuisine du monde servie en terrasse et au sein de notre <strong><em>c\u00e9l\u00e8bre Restaurant LOUNGE LA CASA<\/em><\/strong> (cuisine ouverte de 20h00 \u00e0 1h00 du matin). Pour les f\u00e9rus de la <strong><em>cuisine Marocaine<\/em><\/strong>, le <strong><em>Restaurant AL AMIRIA<\/em><\/strong> vous accueille chaque soir de 20h00 \u00e0 23h00 sauf le Mardi.<\/li>\n<\/ul>\n<p>[\/vc_column_text][\/vc_column][vc_column width=&#8221;1\/2&#8243;][vc_gallery type=&#8221;nivo&#8221; interval=&#8221;3&#8243; images=&#8221;518,562,564,532&#8243;][\/vc_column][\/vc_row][vc_row][vc_column width=&#8221;1\/2&#8243;][vc_gallery type=&#8221;nivo&#8221; interval=&#8221;3&#8243; images=&#8221;1141,1140,1133,1127&#8243;][\/vc_column][vc_column width=&#8221;1\/2&#8243;][vc_column_text]<\/p>\n<h2 class=\"big_title\" style=\"font-size: 50px; font-family: industrial736_btitalic,Garamond,'Hoefler Text','Times New Roman',Times,serif;\">Service d&#8217;\u00e9tages :<\/h2>\n<p>[\/vc_column_text][vc_separator color=&#8221;black&#8221; align=&#8221;align_left&#8221; el_width=&#8221;10&#8243;][vc_column_text]<\/p>\n<h2>Au c\u0153ur des suites et des chambres de l\u2019h\u00f4tel se d\u00e9gage une atmosph\u00e8re romantique, digne des temps anciens. On se laisse s\u00e9duire par la d\u00e9coration exotique aux couleurs d\u00e9licates.<\/h2>\n<p>El Andalous offre un menu en chambre d\u00e9licieux et vari\u00e9.<\/p>\n<p>Un petit d\u00e9jeuner continental, marocain ou am\u00e9ricain peut \u00eatre servi dans votre chambre moyennant un suppl\u00e9ment (dans le cadre de votre pension).<\/p>\n<ul>\n<li>Le Room Service est \u00e0 votre disposition 24h\/24.<\/li>\n<\/ul>\n<p><strong>Pour votre confort, votre chambre dispose de\u00a0:<\/strong><br \/>\n<strong>\u00a0<\/strong><\/p>\n<ul>\n<li>2 grands lits (1.40m)<\/li>\n<li>Climatisation individuelle<\/li>\n<li>D\u2019un mini bar vide<\/li>\n<li>D\u2019une TV LED\/Plasma avec bouquets satellite<\/li>\n<li>Salle de bains avec toilettes s\u00e9par\u00e9es<\/li>\n<li>Balcon priv\u00e9<\/li>\n<li>Jacuzzi pour quelques suites<\/li>\n<li>\u2026.<\/li>\n<\/ul>\n<p>[\/vc_column_text][\/vc_column][\/vc_row][vc_row css=&#8221;.vc_custom_1506945826978{background-color: #f4f4f4 !important;}&#8221;][vc_column width=&#8221;1\/2&#8243;][vc_column_text]<\/p>\n<h2 class=\"big_title\" style=\"font-size: 50px; font-family: industrial736_btitalic,Garamond,'Hoefler Text','Times New Roman',Times,serif;\">Familles :<\/h2>\n<p>[\/vc_column_text][vc_separator color=&#8221;black&#8221; align=&#8221;align_left&#8221; el_width=&#8221;10&#8243;][vc_column_text]Gr\u00e2ce \u00e0\u00a0<strong>l\u2019emplacement id\u00e9al\u00a0<\/strong>de l\u2019h\u00f4tel El Andalous, l\u2019hivernage au c\u0153ur de Marrakech, les familles peuvent venir s\u2019y d\u00e9tendre, sans craindre que leurs enfants ne s\u2019y ennuient.<\/p>\n<p><strong><u>Services disponibles pour les enfants !<\/u><\/strong><\/p>\n<ul>\n<li>Peignoir enfant<\/li>\n<li>Crayons de couleurs et puzzle<\/li>\n<li>Confiseries<\/li>\n<li>DVDs et jeux vid\u00e9o sur demande<\/li>\n<li>Jouets disponibles \u00e0 la r\u00e9ception<\/li>\n<li>Service de babysitting<\/li>\n<li>Poussettes et chaises hautes<\/li>\n<li>Menus d\u00e9di\u00e9s aux enfants<\/li>\n<\/ul>\n<p><strong><u>En famille \u00e0 l\u2019Andalou\u00e7ia Spa\u00a0:<\/u><\/strong><\/p>\n<p>D\u00e9tendez vous en famille \u00e0 l\u2019Andalou\u00e7ia Spa pour h\u00f4tel El Andalous. Pendant que les parents profitent d\u2019un soin ou d\u2019un massage, les jeunes filles b\u00e9n\u00e9ficient d\u2019une manucure et d\u2019un soin de visage et les jeunes gar\u00e7ons d\u2019une heure de modelage.<br \/>\nDonnez \u00e0 vos enfants l\u2019occasion de d\u00e9couvrir notre programme ( Mon premier Spa ) d\u00e9di\u00e9 aux petits, pour leur faire ressentir leurs premiers moments de s\u00e9r\u00e9nit\u00e9 qui rend leur s\u00e9jour m\u00e9morable.[\/vc_column_text][\/vc_column][vc_column width=&#8221;1\/2&#8243;][vc_single_image image=&#8221;1124&#8243; alignment=&#8221;center&#8221;][\/vc_column][\/vc_row][vc_row][vc_column width=&#8221;1\/2&#8243;][vc_gallery type=&#8221;nivo&#8221; interval=&#8221;3&#8243; images=&#8221;1156,1157,348&#8243;][\/vc_column][vc_column width=&#8221;1\/2&#8243;][vc_column_text]<\/p>\n<h2 class=\"big_title\" style=\"font-size: 50px; font-family: industrial736_btitalic,Garamond,'Hoefler Text','Times New Roman',Times,serif;\">Andalou\u00e7ia Spa :<\/h2>\n<p>[\/vc_column_text][vc_separator color=&#8221;black&#8221; align=&#8221;align_left&#8221; el_width=&#8221;10&#8243;][vc_column_text]Pour votre bien \u00eatre (massage, Hammam, Fitness),<strong> <em>l\u2019Andaloucia SPA<\/em><\/strong> est ouvert de 10h du matin \u00e0 20h du soir.<\/p>\n<p><strong><u>L\u2019Andalou\u00e7ia Spa\u00a0vous propose\u00a0:<\/u><\/strong><\/p>\n<ul>\n<li>Salon de coiffure<\/li>\n<li>Hammam traditionnel marocain<\/li>\n<li>Massage \u00e0 l\u2019huile pr\u00e9cieuse d\u2019Argan.<\/li>\n<li>Sauna aux huiles essentielles.<\/li>\n<li>Soins complets du visage \u00e0 l\u2019orientale.<\/li>\n<li>Manucure, p\u00e9dicure, \u00e9pilations.<\/li>\n<li>Coiffure pour hommes et femmes.<\/li>\n<li>Salle de sport.<\/li>\n<li>Etc\u2026.<\/li>\n<\/ul>\n<p>[\/vc_column_text][\/vc_column][\/vc_row][vc_row css=&#8221;.vc_custom_1506945826978{background-color: #f4f4f4 !important;}&#8221;][vc_column width=&#8221;1\/2&#8243;][vc_column_text]<\/p>\n<h2 class=\"big_title\" style=\"font-size: 50px; font-family: industrial736_btitalic,Garamond,'Hoefler Text','Times New Roman',Times,serif;\">Al Majliss Conf\u00e9rence Center<\/h2>\n<p>[\/vc_column_text][vc_separator color=&#8221;black&#8221; align=&#8221;align_left&#8221; el_width=&#8221;10&#8243;][vc_column_text]Pour\u00a0 vos \u00e9v\u00e9nements importants\u00a0(<strong><em>s\u00e9minaires, congr\u00e8s, Mariages<\/em><\/strong>,\u2026etc) notre <strong><em>centre de conf\u00e9rence AL MAJLISS <\/em><\/strong>est le lieu id\u00e9al.<\/p>\n<ul>\n<li>Contacter nos responsables commerciaux <a class=\"fancy-form-mariage\" title=\"\" href=\"\/devis-mariage\/\" target=\"\" rel=\"noopener\"><span class=\"txt\"><u>par email.<\/u><\/span><\/a><\/li>\n<\/ul>\n<p><strong>\u00a0<\/strong><\/p>\n<p>AL MAJLISS est un vaste\u00a0 centre\u00a0 de\u00a0 conf\u00e9rence\u00a0contenant 7 salles de r\u00e9union et une salle AL MAJLISS fraichement construite d\u2019une\u00a0 structure\u00a0 qui justifie bien son nom, et d\u2019une capacit\u00e9 d\u2019accueil allant jusqu\u2019\u00e0 600 personnes.<\/p>\n<p>Le centre AL MAJLISS peut s\u2019adapter\u00a0\u00a0 \u00e0\u00a0 tout\u00a0 type de manifestations, conventions,\u00a0 congr\u00e8s, s\u00e9minaires, soir\u00e9es de gala\u2026, \u00e9quip\u00e9es des derni\u00e8res technologies et offre un cadre id\u00e9al pour tout type d\u2019\u00e9v\u00e9nement.[\/vc_column_text][\/vc_column][vc_column width=&#8221;1\/2&#8243;][vc_gallery type=&#8221;nivo&#8221; interval=&#8221;3&#8243; images=&#8221;1166,1160,1164&#8243;][\/vc_column][\/vc_row][vc_row][vc_column width=&#8221;1\/2&#8243;][vc_single_image image=&#8221;1120&#8243; alignment=&#8221;center&#8221;][\/vc_column][vc_column width=&#8221;1\/2&#8243;][vc_column_text]<\/p>\n<h2 class=\"big_title\" style=\"font-size: 50px; font-family: industrial736_btitalic,Garamond,'Hoefler Text','Times New Roman',Times,serif;\">Transport :<\/h2>\n<p>[\/vc_column_text][vc_separator color=&#8221;black&#8221; align=&#8221;align_left&#8221; el_width=&#8221;10&#8243;][vc_column_text]Situ\u00e9 en plein c\u0153ur du quartier r\u00e9sidentiel de Marrakech, l\u2019Hivernage, \u00e0 10mn de marche de l\u2019historique place\u00ab Jem\u00e2a El Fna \u00bb, du centre ville, du minaret de la \u00ab Koutoubia \u00bb, du c\u00e9l\u00e8bre casino \u00ab LAMAMOUNIA \u00bb et les jardins de la \u00ab M\u00e8nara \u00bb sont \u00e0 quelques minutes.<\/p>\n<p><strong><u>A\u00e9roport de Marrakech RAK <\/u><\/strong><\/p>\n<ul>\n<li>Taxis \u00e0 disposition<\/li>\n<li>Temps du trajet: 10 \u00e0 15 minutes (en fonction de la circulation)<\/li>\n<li>Prix: Entre 100 Dhs et 120 Dhs<\/li>\n<li>Distance d\u2019El Andalous \u00e0 l\u2019a\u00e9roport\u00a0: 3 kilom\u00e8tres<\/li>\n<\/ul>\n<p><strong><u>En Train<\/u><\/strong><\/p>\n<p>Il y a 1 seule grande gare ONCF \u00e0 Marrakech:<\/p>\n<ul>\n<li>La Gare de Marrakech<\/li>\n<\/ul>\n<p>L\u2019h\u00f4tel est facilement accessible depuis la gare de Marrakech par taxi (entre 20 Dhs et 30 Dhs).[\/vc_column_text][\/vc_column][\/vc_row][vc_row css=&#8221;.vc_custom_1506945826978{background-color: #f4f4f4 !important;}&#8221;][vc_column width=&#8221;1\/2&#8243;][vc_column_text css=&#8221;&#8221;]<\/p>\n<h2 class=\"big_title\" style=\"font-size: 50px; font-family: industrial736_btitalic,Garamond,'Hoefler Text','Times New Roman',Times,serif;\">Rafinya<\/h2>\n<p>[\/vc_column_text][vc_separator color=&#8221;black&#8221; align=&#8221;align_left&#8221; el_width=&#8221;10&#8243;][vc_column_text css=&#8221;&#8221;]Au sein de l&#8217;h\u00f4tel El Andalous, nous sommes convaincus que votre voyage doit \u00eatre aussi unique que vous.<\/p>\n<p>Afin de vous garantir le meilleur de Marrakech en toute s\u00e9r\u00e9nit\u00e9, nous vous recommandons les services de Rafinya.<\/p>\n<p>&nbsp;<\/p>\n<p>Que vous r\u00eaviez d&#8217;un d\u00eener priv\u00e9 sous les \u00e9toiles ou d&#8217;un atelier secret nich\u00e9 au c\u0153ur de la M\u00e9dina, Rafinya vous ouvre les portes d&#8217;une s\u00e9lection rigoureuse d&#8217;exp\u00e9riences fiables et de qualit\u00e9. C&#8217;est l&#8217;expertise d&#8217;un local alli\u00e9e \u00e0 la rapidit\u00e9 de la technologie moderne.<\/p>\n<p>&nbsp;<\/p>\n<p><strong>Comment \u00e7a marche ?<\/strong><\/p>\n<p>&nbsp;<\/p>\n<p>C&#8217;est tr\u00e8s simple : visitez <a href=\"https:\/\/www.rafinya.com\" target=\"_blank\" rel=\"noopener\">Rafinya.com<\/a>, partagez vos pr\u00e9f\u00e9rences, et laissez les experts s&#8217;occuper du reste. Un service s\u00fbr, v\u00e9rifi\u00e9, et une sensation unique : celle d&#8217;avoir un ami local pour vous guider \u00e0 chaque pas dans Marrakech.[\/vc_column_text][\/vc_column][vc_column width=&#8221;1\/2&#8243;][vc_single_image image=&#8221;2142&#8243; alignment=&#8221;center&#8221; css=&#8221;&#8221;][\/vc_column][\/vc_row][vc_row][vc_column width=&#8221;1\/2&#8243;][vc_gallery type=&#8221;nivo&#8221; interval=&#8221;3&#8243; images=&#8221;1125,1044,1119&#8243;][\/vc_column][vc_column width=&#8221;1\/2&#8243;][vc_column_text]<\/p>\n<h2 class=\"big_title\" style=\"font-size: 50px; font-family: industrial736_btitalic,Garamond,'Hoefler Text','Times New Roman',Times,serif;\">D\u2019autres loisirs et services au sein de l\u2019h\u00f4tel :<\/h2>\n<p>[\/vc_column_text][vc_separator color=&#8221;black&#8221; align=&#8221;align_left&#8221; el_width=&#8221;10&#8243;][vc_column_text]<\/p>\n<ul>\n<li>Service de change.<\/li>\n<li>Fax \u2013 photocopies \u2013 Impression.<\/li>\n<li><strong><em>Boutique<\/em><\/strong>: articles artisanaux \u2013 journaux \u2013 souvenirs \u2013 tabac \u2026<\/li>\n<li><strong><em>Grande piscine <\/em><\/strong>pour adulte et une piscine pour enfants. Les serviettes sont \u00e0 votre disposition aupr\u00e8s du responsable piscine moyennant une caution de 100 dh.<\/li>\n<li>Ping-pong, jeux de soci\u00e9t\u00e9, billard, baby-foot.<\/li>\n<li>Un parking gratuit et priv\u00e9 est disponible sur place.<\/li>\n<li>Acc\u00e8s internet sans fil (Wifi) est disponible dans tout l\u2019h\u00f4tel gratuitement.<\/li>\n<\/ul>\n<p>[\/vc_column_text][\/vc_column][\/vc_row]<\/p>\n<\/div>","protected":false},"excerpt":{"rendered":"<p>[vc_row css=&#8221;.vc_custom_1506943977975{margin-top: -55px !important;}&#8221;][vc_column][rev_slider_vc alias=&#8221;hotel-service&#8221;][\/vc_column][\/vc_row][vc_row][vc_column width=&#8221;2\/3&#8243;][vc_column_text] H\u00f4tel El Andalous [\/vc_column_text][\/vc_column][vc_column width=&#8221;1\/3&#8243;][vc_column_text] Contact [\/vc_column_text][\/vc_column][\/vc_row][vc_row][vc_column width=&#8221;1\/3&#8243;][vc_column_text]L\u2019h\u00f4tel El Andalous porte bien son nom. Par son architecture spacieuse, sa d\u00e9coration mauresque, ses jardins verdoyants, il \u00e9voque l\u2019\u00e2ge d\u2019or de la culture arabo-andalouse, riche en exotisme et en romantisme.[\/vc_column_text][\/vc_column][vc_column width=&#8221;1\/3&#8243;][vc_column_text]Cet h\u00f4tel distingu\u00e9 s\u2019ouvre sur un jardin paysag\u00e9 de 7000 m2,&#8230; <\/p>\n<div class=\"clear\"><\/div>\n<p><a href=\"https:\/\/www.elandalous-marrakech.com\/en\/hotel-services\/\" class=\"excerpt-read-more\">Continue Reading<i class=\"fa fa-long-arrow-right icon-long-arrow-right\"><\/i><\/a><\/p>\n","protected":false},"author":1,"featured_media":0,"parent":0,"menu_order":0,"comment_status":"closed","ping_status":"closed","template":"","meta":{"_acf_changed":false,"footnotes":""},"class_list":["post-1320","page","type-page","status-publish","hentry"],"translation":{"provider":"WPGlobus","version":"3.0.2","language":"en","enabled_languages":["fr","en","ar"],"languages":{"fr":{"title":true,"content":true,"excerpt":false},"en":{"title":false,"content":false,"excerpt":false},"ar":{"title":false,"content":false,"excerpt":false}}},"acf":[],"_links":{"self":[{"href":"https:\/\/www.elandalous-marrakech.com\/en\/wp-json\/wp\/v2\/pages\/1320"}],"collection":[{"href":"https:\/\/www.elandalous-marrakech.com\/en\/wp-json\/wp\/v2\/pages"}],"about":[{"href":"https:\/\/www.elandalous-marrakech.com\/en\/wp-json\/wp\/v2\/types\/page"}],"author":[{"embeddable":true,"href":"https:\/\/www.elandalous-marrakech.com\/en\/wp-json\/wp\/v2\/users\/1"}],"replies":[{"embeddable":true,"href":"https:\/\/www.elandalous-marrakech.com\/en\/wp-json\/wp\/v2\/comments?post=1320"}],"version-history":[{"count":10,"href":"https:\/\/www.elandalous-marrakech.com\/en\/wp-json\/wp\/v2\/pages\/1320\/revisions"}],"predecessor-version":[{"id":2145,"href":"https:\/\/www.elandalous-marrakech.com\/en\/wp-json\/wp\/v2\/pages\/1320\/revisions\/2145"}],"wp:attachment":[{"href":"https:\/\/www.elandalous-marrakech.com\/en\/wp-json\/wp\/v2\/media?parent=1320"}],"curies":[{"name":"wp","href":"https:\/\/api.w.org\/{rel}","templated":true}]}}