{"id":23,"date":"2016-11-30T14:47:21","date_gmt":"2016-11-30T13:47:21","guid":{"rendered":"http:\/\/www.elandalous-marrakech.com\/?page_id=23"},"modified":"2024-10-07T16:33:17","modified_gmt":"2024-10-07T15:33:17","slug":"nos-packs","status":"publish","type":"page","link":"https:\/\/www.elandalous-marrakech.com\/ar\/nos-packs\/","title":{"rendered":"NOS PACKS"},"content":{"rendered":"<div class=\"wpb-content-wrapper\"><p>[vc_row][vc_column width=&#8221;1\/3&#8243;][vc_hoverbox image=&#8221;2055&#8243; primary_title=&#8221;&#8221; hover_title=&#8221;Pack Agafay&#8221; hover_btn_title=&#8221;D\u00e9couvrir&#8221; hover_btn_color=&#8221;danger&#8221; hover_btn_align=&#8221;center&#8221; hover_btn_i_icon_fontawesome=&#8221;far fa-plus-square&#8221; hover_add_button=&#8221;true&#8221; hover_btn_add_icon=&#8221;true&#8221; hover_btn_link=&#8221;url:https%3A%2F%2Fwww.elandalous-marrakech.com%2Fnos-packs%2Fpack-agafay%2F|title:Pack%20Agafay&#8221;]D\u00e9couvrez nos Packs Agafay exclusifs pour une escapade unique entre Marrakech et le d\u00e9sert !<br \/>\nProfitez d\u2019un s\u00e9jour combin\u00e9 avec nuit\u00e9es en h\u00f4tel et tente, activit\u00e9s incluses, et plus encore.<br \/>\nR\u00e9servez d\u00e8s maintenant et vivez une aventure inoubliable ![\/vc_hoverbox][\/vc_column][vc_column width=&#8221;1\/3&#8243;][vc_hoverbox image=&#8221;2076&#8243; primary_title=&#8221;&#8221; hover_title=&#8221;Pack Montgolfi\u00e8re&#8221; hover_btn_title=&#8221;D\u00e9couvrir&#8221; hover_btn_color=&#8221;danger&#8221; hover_btn_align=&#8221;center&#8221; hover_btn_i_icon_fontawesome=&#8221;far fa-plus-square&#8221; hover_add_button=&#8221;true&#8221; hover_btn_add_icon=&#8221;true&#8221; hover_btn_link=&#8221;url:https%3A%2F%2Fwww.elandalous-marrakech.com%2Fnos-packs%2Fpack-mongonlfiere%2F|title:Pack%20Montgolfi%C3%A8re&#8221;]Vivez une aventure inoubliable dans les airs avec nos Packs Montgolfi\u00e8re ! Profitez de moments magiques \u00e0 deux avec des vols exclusifs, h\u00e9bergement en suite, d\u00e9tente au spa, et plus encore.<br \/>\nR\u00e9servez votre exp\u00e9rience unique d\u00e8s maintenant ![\/vc_hoverbox][\/vc_column][vc_column width=&#8221;1\/3&#8243;][vc_hoverbox image=&#8221;2078&#8243; primary_title=&#8221;&#8221; hover_title=&#8221;Pack Golf&#8221; hover_btn_title=&#8221;D\u00e9couvrir&#8221; hover_btn_color=&#8221;danger&#8221; hover_btn_align=&#8221;center&#8221; hover_btn_i_icon_fontawesome=&#8221;far fa-plus-square&#8221; hover_add_button=&#8221;true&#8221; hover_btn_add_icon=&#8221;true&#8221; hover_btn_link=&#8221;url:https%3A%2F%2Fwww.elandalous-marrakech.com%2Fnos-packs%2Fpack-golf%2F|title:Pack%20Golf&#8221;]Optez pour une exp\u00e9rience golfique unique avec notre Pack Golf exclusif ! Combinez d\u00e9tente, sport et bien-\u00eatre avec un s\u00e9jour en suite, hammam, massage, et un parcours de golf. R\u00e9servez votre<br \/>\nmoment d&#8217;exception d\u00e8s maintenant ![\/vc_hoverbox][\/vc_column][\/vc_row]<\/p>\n<\/div>","protected":false},"excerpt":{"rendered":"<p>[vc_row][vc_column width=&#8221;1\/3&#8243;][vc_hoverbox image=&#8221;2055&#8243; primary_title=&#8221;&#8221; hover_title=&#8221;Pack Agafay&#8221; hover_btn_title=&#8221;D\u00e9couvrir&#8221; hover_btn_color=&#8221;danger&#8221; hover_btn_align=&#8221;center&#8221; hover_btn_i_icon_fontawesome=&#8221;far fa-plus-square&#8221; hover_add_button=&#8221;true&#8221; hover_btn_add_icon=&#8221;true&#8221; hover_btn_link=&#8221;url:https%3A%2F%2Fwww.elandalous-marrakech.com%2Fnos-packs%2Fpack-agafay%2F|title:Pack%20Agafay&#8221;]D\u00e9couvrez nos Packs Agafay exclusifs pour une escapade unique entre Marrakech et le d\u00e9sert ! Profitez d\u2019un s\u00e9jour combin\u00e9 avec nuit\u00e9es en h\u00f4tel et tente, activit\u00e9s incluses, et plus encore. R\u00e9servez d\u00e8s maintenant et vivez une aventure inoubliable ![\/vc_hoverbox][\/vc_column][vc_column width=&#8221;1\/3&#8243;][vc_hoverbox image=&#8221;2076&#8243; primary_title=&#8221;&#8221;&#8230; <\/p>\n<div class=\"clear\"><\/div>\n<p><a href=\"https:\/\/www.elandalous-marrakech.com\/ar\/nos-packs\/\" class=\"excerpt-read-more\">Continue Reading<i class=\"fa fa-long-arrow-right icon-long-arrow-right\"><\/i><\/a><\/p>\n","protected":false},"author":1,"featured_media":0,"parent":0,"menu_order":0,"comment_status":"closed","ping_status":"closed","template":"","meta":{"_acf_changed":false,"footnotes":""},"class_list":["post-23","page","type-page","status-publish","hentry"],"translation":{"provider":"WPGlobus","version":"3.0.2","language":"ar","enabled_languages":["fr","en","ar"],"languages":{"fr":{"title":true,"content":true,"excerpt":false},"en":{"title":false,"content":false,"excerpt":false},"ar":{"title":false,"content":false,"excerpt":false}}},"acf":[],"_links":{"self":[{"href":"https:\/\/www.elandalous-marrakech.com\/ar\/wp-json\/wp\/v2\/pages\/23"}],"collection":[{"href":"https:\/\/www.elandalous-marrakech.com\/ar\/wp-json\/wp\/v2\/pages"}],"about":[{"href":"https:\/\/www.elandalous-marrakech.com\/ar\/wp-json\/wp\/v2\/types\/page"}],"author":[{"embeddable":true,"href":"https:\/\/www.elandalous-marrakech.com\/ar\/wp-json\/wp\/v2\/users\/1"}],"replies":[{"embeddable":true,"href":"https:\/\/www.elandalous-marrakech.com\/ar\/wp-json\/wp\/v2\/comments?post=23"}],"version-history":[{"count":4,"href":"https:\/\/www.elandalous-marrakech.com\/ar\/wp-json\/wp\/v2\/pages\/23\/revisions"}],"predecessor-version":[{"id":2093,"href":"https:\/\/www.elandalous-marrakech.com\/ar\/wp-json\/wp\/v2\/pages\/23\/revisions\/2093"}],"wp:attachment":[{"href":"https:\/\/www.elandalous-marrakech.com\/ar\/wp-json\/wp\/v2\/media?parent=23"}],"curies":[{"name":"wp","href":"https:\/\/api.w.org\/{rel}","templated":true}]}}