{"id":2084,"date":"2024-10-05T11:42:06","date_gmt":"2024-10-05T10:42:06","guid":{"rendered":"https:\/\/www.elandalous-marrakech.com\/?page_id=2084"},"modified":"2024-10-05T11:42:06","modified_gmt":"2024-10-05T10:42:06","slug":"reservation-pack","status":"publish","type":"page","link":"https:\/\/www.elandalous-marrakech.com\/ar\/nos-packs\/reservation-pack\/","title":{"rendered":"R\u00e9servation pack"},"content":{"rendered":"<div class=\"wpb-content-wrapper\"><p>[vc_row][vc_column width=&#8221;1\/4&#8243;][\/vc_column][vc_column width=&#8221;1\/2&#8243;]\n<div class=\"wpcf7 no-js\" id=\"wpcf7-f2085-o1\" lang=\"fr-FR\" dir=\"ltr\">\n<div class=\"screen-reader-response\"><p role=\"status\" aria-live=\"polite\" aria-atomic=\"true\"><\/p> <ul><\/ul><\/div>\n<form action=\"\/ar\/wp-json\/wp\/v2\/pages\/2084#wpcf7-f2085-o1\" method=\"post\" class=\"wpcf7-form init\" aria-label=\"Contact form\" novalidate=\"novalidate\" data-status=\"init\">\n<div style=\"display: none;\">\n<input type=\"hidden\" name=\"_wpcf7\" value=\"2085\" \/>\n<input type=\"hidden\" name=\"_wpcf7_version\" value=\"5.9.8\" \/>\n<input type=\"hidden\" name=\"_wpcf7_locale\" value=\"fr_FR\" \/>\n<input type=\"hidden\" name=\"_wpcf7_unit_tag\" value=\"wpcf7-f2085-o1\" \/>\n<input type=\"hidden\" name=\"_wpcf7_container_post\" value=\"0\" \/>\n<input type=\"hidden\" name=\"_wpcf7_posted_data_hash\" value=\"\" \/>\n<\/div>\n<p><label> Nom complet<br \/>\n<span class=\"wpcf7-form-control-wrap\" data-name=\"your-name\"><input size=\"40\" maxlength=\"400\" class=\"wpcf7-form-control wpcf7-text wpcf7-validates-as-required\" autocomplete=\"name\" aria-required=\"true\" aria-invalid=\"false\" value=\"\" type=\"text\" name=\"your-name\" \/><\/span> <\/label>\n<\/p>\n<p><label> Adresse e-mail<br \/>\n<span class=\"wpcf7-form-control-wrap\" data-name=\"your-email\"><input size=\"40\" maxlength=\"400\" class=\"wpcf7-form-control wpcf7-email wpcf7-validates-as-required wpcf7-text wpcf7-validates-as-email\" autocomplete=\"email\" aria-required=\"true\" aria-invalid=\"false\" value=\"\" type=\"email\" name=\"your-email\" \/><\/span> <\/label>\n<\/p>\n<p><label> Num\u00e9ro de t\u00e9l\u00e9phone<br \/>\n<span class=\"wpcf7-form-control-wrap\" data-name=\"tel-196\"><input size=\"40\" maxlength=\"400\" class=\"wpcf7-form-control wpcf7-tel wpcf7-validates-as-required wpcf7-text wpcf7-validates-as-tel\" aria-required=\"true\" aria-invalid=\"false\" value=\"\" type=\"tel\" name=\"tel-196\" \/><\/span> <\/label>\n<\/p>\n<p><label> Nationalit\u00e9<br \/>\n<span class=\"wpcf7-form-control-wrap\" data-name=\"your-nationalite\"><input size=\"40\" maxlength=\"400\" class=\"wpcf7-form-control wpcf7-text wpcf7-validates-as-required\" aria-required=\"true\" aria-invalid=\"false\" value=\"\" type=\"text\" name=\"your-nationalite\" \/><\/span> <\/label>\n<\/p>\n<p><label> Date de d\u00e9part souhait\u00e9e<br \/>\n<span class=\"wpcf7-form-control-wrap\" data-name=\"date-depart\"><input class=\"wpcf7-form-control wpcf7-date wpcf7-validates-as-date\" aria-invalid=\"false\" value=\"\" type=\"date\" name=\"date-depart\" \/><\/span><\/label>\n<\/p>\n<p><label> Date de retour souhait\u00e9e<br \/>\n<span class=\"wpcf7-form-control-wrap\" data-name=\"date-retour\"><input class=\"wpcf7-form-control wpcf7-date wpcf7-validates-as-date\" aria-invalid=\"false\" value=\"\" type=\"date\" name=\"date-retour\" \/><\/span><\/label>\n<\/p>\n<p><label> Nombre de personnes<br \/>\n<span class=\"wpcf7-form-control-wrap\" data-name=\"number-40\"><input class=\"wpcf7-form-control wpcf7-number wpcf7-validates-as-required wpcf7-validates-as-number\" aria-required=\"true\" aria-invalid=\"false\" value=\"\" type=\"number\" name=\"number-40\" \/><\/span><\/label>\n<\/p>\n<p><label> Pr\u00e9f\u00e9rences pour le pack de voyage<br \/>\n<span class=\"wpcf7-form-control-wrap\" data-name=\"menu-121\"><select class=\"wpcf7-form-control wpcf7-select wpcf7-validates-as-required\" aria-required=\"true\" aria-invalid=\"false\" name=\"menu-121\"><option value=\"\">&#8212;Please choose an option&#8212;<\/option><option value=\"Pack Agafay: Agafay Discovery\">Pack Agafay: Agafay Discovery<\/option><option value=\"Pack Agafay: Arabian Night\">Pack Agafay: Arabian Night<\/option><option value=\"Pack Montgolfi\u00e8re: R\u00eave en Montgolfi\u00e8re\">Pack Montgolfi\u00e8re: R\u00eave en Montgolfi\u00e8re<\/option><option value=\"Pack Montgolfi\u00e8re: Love in the air\">Pack Montgolfi\u00e8re: Love in the air<\/option><option value=\"Pack Golf: 9 Trous\">Pack Golf: 9 Trous<\/option><option value=\"Pack Golf: 18 Trous\">Pack Golf: 18 Trous<\/option><\/select><\/span> <\/label>\n<\/p>\n<p><label> Questions ou demandes sp\u00e9ciales<br \/>\n<span class=\"wpcf7-form-control-wrap\" data-name=\"your-message\"><textarea cols=\"40\" rows=\"10\" maxlength=\"2000\" class=\"wpcf7-form-control wpcf7-textarea\" aria-invalid=\"false\" name=\"your-message\"><\/textarea><\/span> <\/label>\n<\/p>\n<p><label> Consentement \u00e0 la r\u00e9ception de newsletters<br \/>\n<span class=\"wpcf7-form-control-wrap\" data-name=\"select-newsletter\"><select class=\"wpcf7-form-control wpcf7-select wpcf7-validates-as-required\" aria-required=\"true\" aria-invalid=\"false\" name=\"select-newsletter\"><option value=\"Oui\">Oui<\/option><option value=\"Non\">Non<\/option><\/select><\/span> <\/label>\n<\/p>\n<p><input class=\"wpcf7-form-control wpcf7-submit has-spinner\" type=\"submit\" value=\"Envoyer\" \/>\n<\/p><div class=\"wpcf7-response-output\" aria-hidden=\"true\"><\/div>\n<\/form>\n<\/div>\n[\/vc_column][vc_column width=&#8221;1\/4&#8243;][\/vc_column][\/vc_row]<\/p>\n<\/div>","protected":false},"excerpt":{"rendered":"<p>[vc_row][vc_column width=&#8221;1\/4&#8243;][\/vc_column][vc_column width=&#8221;1\/2&#8243;][\/vc_column][vc_column width=&#8221;1\/4&#8243;][\/vc_column][\/vc_row]<\/p>\n","protected":false},"author":1,"featured_media":0,"parent":23,"menu_order":0,"comment_status":"closed","ping_status":"closed","template":"","meta":{"_acf_changed":false,"footnotes":""},"class_list":["post-2084","page","type-page","status-publish","hentry"],"translation":{"provider":"WPGlobus","version":"3.0.2","language":"ar","enabled_languages":["fr","en","ar"],"languages":{"fr":{"title":true,"content":true,"excerpt":false},"en":{"title":false,"content":false,"excerpt":false},"ar":{"title":false,"content":false,"excerpt":false}}},"acf":[],"_links":{"self":[{"href":"https:\/\/www.elandalous-marrakech.com\/ar\/wp-json\/wp\/v2\/pages\/2084"}],"collection":[{"href":"https:\/\/www.elandalous-marrakech.com\/ar\/wp-json\/wp\/v2\/pages"}],"about":[{"href":"https:\/\/www.elandalous-marrakech.com\/ar\/wp-json\/wp\/v2\/types\/page"}],"author":[{"embeddable":true,"href":"https:\/\/www.elandalous-marrakech.com\/ar\/wp-json\/wp\/v2\/users\/1"}],"replies":[{"embeddable":true,"href":"https:\/\/www.elandalous-marrakech.com\/ar\/wp-json\/wp\/v2\/comments?post=2084"}],"version-history":[{"count":1,"href":"https:\/\/www.elandalous-marrakech.com\/ar\/wp-json\/wp\/v2\/pages\/2084\/revisions"}],"predecessor-version":[{"id":2086,"href":"https:\/\/www.elandalous-marrakech.com\/ar\/wp-json\/wp\/v2\/pages\/2084\/revisions\/2086"}],"up":[{"embeddable":true,"href":"https:\/\/www.elandalous-marrakech.com\/ar\/wp-json\/wp\/v2\/pages\/23"}],"wp:attachment":[{"href":"https:\/\/www.elandalous-marrakech.com\/ar\/wp-json\/wp\/v2\/media?parent=2084"}],"curies":[{"name":"wp","href":"https:\/\/api.w.org\/{rel}","templated":true}]}}