{"id":1794,"date":"2019-09-28T10:41:01","date_gmt":"2019-09-28T09:41:01","guid":{"rendered":"http:\/\/www.elandalous-marrakech.com\/my-account\/"},"modified":"2019-10-15T13:53:17","modified_gmt":"2019-10-15T12:53:17","slug":"connecter-vous","status":"publish","type":"page","link":"https:\/\/www.elandalous-marrakech.com\/ar\/connecter-vous\/","title":{"rendered":"CONNECTER VOUS"},"content":{"rendered":"<div class=\"wpb-content-wrapper\"><p>[vc_row][vc_column][vc_column_text]<\/p>\n<p style=\"text-align: center;\">Bienvenue \u00e0 El Andalous Collection Club<\/p>\n<p style=\"text-align: center;\">Devenez Membre d\u2019El Andalous Collection Club et b\u00e9n\u00e9ficiez d\u2019offres exclusives de promotions et tarifs sp\u00e9ciaux dans nos restaurants \u00e0 mets nationaux et internationaux, aussi notre centre de conf\u00e9rence Al Majliss et notre Andalou\u00e7ia Spa.<\/p>\n<p style=\"text-align: center;\">Parce que vos envies et vos besoins compte pour nous; nous avons con\u00e7us un programme sp\u00e9cial r\u00e9serv\u00e9 \u00e0 nos clients les plus fid\u00e8les.<\/p>\n<p style=\"text-align: center;\">Nous vous invitons \u00e0 vous inscrire \u00e0 notre programme en remplissant le formulaire ci-apr\u00e8s :<\/p>\n<p>[\/vc_column_text][\/vc_column][\/vc_row][vc_row][vc_column][vc_column_text][user_registration_my_account][\/vc_column_text][\/vc_column][\/vc_row]<\/p>\n<\/div>","protected":false},"excerpt":{"rendered":"<p>[vc_row][vc_column][vc_column_text] Bienvenue \u00e0 El Andalous Collection Club Devenez Membre d\u2019El Andalous Collection Club et b\u00e9n\u00e9ficiez d\u2019offres exclusives de promotions et tarifs sp\u00e9ciaux dans nos restaurants \u00e0 mets nationaux et internationaux, aussi notre centre de conf\u00e9rence Al Majliss et notre Andalou\u00e7ia Spa. Parce que vos envies et vos besoins compte pour nous; nous avons con\u00e7us un&#8230; <\/p>\n<div class=\"clear\"><\/div>\n<p><a href=\"https:\/\/www.elandalous-marrakech.com\/ar\/connecter-vous\/\" class=\"excerpt-read-more\">Continue Reading<i class=\"fa fa-long-arrow-right icon-long-arrow-right\"><\/i><\/a><\/p>\n","protected":false},"author":1,"featured_media":0,"parent":0,"menu_order":0,"comment_status":"closed","ping_status":"closed","template":"","meta":{"_acf_changed":false,"footnotes":""},"class_list":["post-1794","page","type-page","status-publish","hentry"],"translation":{"provider":"WPGlobus","version":"3.0.2","language":"ar","enabled_languages":["fr","en","ar"],"languages":{"fr":{"title":true,"content":true,"excerpt":false},"en":{"title":false,"content":false,"excerpt":false},"ar":{"title":false,"content":false,"excerpt":false}}},"acf":[],"_links":{"self":[{"href":"https:\/\/www.elandalous-marrakech.com\/ar\/wp-json\/wp\/v2\/pages\/1794"}],"collection":[{"href":"https:\/\/www.elandalous-marrakech.com\/ar\/wp-json\/wp\/v2\/pages"}],"about":[{"href":"https:\/\/www.elandalous-marrakech.com\/ar\/wp-json\/wp\/v2\/types\/page"}],"author":[{"embeddable":true,"href":"https:\/\/www.elandalous-marrakech.com\/ar\/wp-json\/wp\/v2\/users\/1"}],"replies":[{"embeddable":true,"href":"https:\/\/www.elandalous-marrakech.com\/ar\/wp-json\/wp\/v2\/comments?post=1794"}],"version-history":[{"count":7,"href":"https:\/\/www.elandalous-marrakech.com\/ar\/wp-json\/wp\/v2\/pages\/1794\/revisions"}],"predecessor-version":[{"id":1815,"href":"https:\/\/www.elandalous-marrakech.com\/ar\/wp-json\/wp\/v2\/pages\/1794\/revisions\/1815"}],"wp:attachment":[{"href":"https:\/\/www.elandalous-marrakech.com\/ar\/wp-json\/wp\/v2\/media?parent=1794"}],"curies":[{"name":"wp","href":"https:\/\/api.w.org\/{rel}","templated":true}]}}